{"id":4797,"date":"2020-09-30T15:14:40","date_gmt":"2020-09-30T15:14:40","guid":{"rendered":"https:\/\/www.trex.be\/over-ons\/"},"modified":"2025-08-13T09:28:34","modified_gmt":"2025-08-13T09:28:34","slug":"a-propos-de-nous","status":"publish","type":"page","link":"https:\/\/www.trex.be\/fr\/a-propos-de-nous\/","title":{"rendered":"\u00c0 propos de nous"},"content":{"rendered":"<div class=\"wpb-content-wrapper\">[vc_row][vc_column][vc_custom_heading text=\u00a0\u00bbA propos de Troostwijk Roux Expertises\u00a0\u00bb font_container=\u00a0\u00bbtag:h2|font_size:40|text_align:left\u00a0\u00bb use_theme_fonts=\u00a0\u00bbyes\u00a0\u00bb][vc_column_text css=\u00a0\u00bb\u00a0\u00bb]Troostwijk-Roux Expertises est un des leader depuis plus de 40 ans dans le domaine des \u00e9valuations, des expertises de dommages, des inspections et du conseil. Nous op\u00e9rons dans tous les segments de l&rsquo;industrie. Des PME aux soci\u00e9t\u00e9s cot\u00e9es en bourse.<\/p>\n<p>Chez Troostwijk-Roux Expertises, vous pouvez compter sur l&rsquo;assistance professionnelle d&rsquo;experts qui disposent de connaissances et d&rsquo;une exp\u00e9rience approfondies. Gr\u00e2ce \u00e0 des recherches minutieuse et aux derni\u00e8res informations, nous veillons \u00e0 ce que nos connaissances et nos services soient toujours \u00e0 jour. Cela nous permet de conserver notre position de leader depuis des d\u00e9cennies et nous sommes toujours en mesure de fournir des services de la plus haute qualit\u00e9 \u00e0 nos clients.<\/p>\n<p>Ce qui fait la force et le caract\u00e8re unique de Troostwijk-Roux Expertises, c&rsquo;est la synergie des connaissances et des exp\u00e9riences \u00e9tendues pr\u00e9sentes au sein de notre organisation. Cela nous permet d&rsquo;offrir \u00e0 nos clients une solution globale, ce qui repr\u00e9sente une importante valeur ajout\u00e9e pour le client. Vous pouvez nous consulter pour des expertises apr\u00e8s sinistre, \u00a0\u00e9valuations d&rsquo;entreprise, des \u00e9valuations d&rsquo;assurance, des estimations, des conseils en mati\u00e8re de propri\u00e9t\u00e9, des inspections de risques, des conseils de pr\u00e9vention et des \u00e9valuations d&rsquo;art, d&rsquo;antiquit\u00e9s, d&rsquo;effets m\u00e9nagers et d&rsquo;objets de valeur.<\/p>\n<p>Troostwijk-Roux Expertises a d\u00e9fini quatre valeurs fondamentales dans son code de conduite, qui exprime ce que Troostwijk-Roux Expertises et ses employ\u00e9s d\u00e9fendent. Ces valeurs se retrouvent \u00e0 tous les niveaux de l&rsquo;organisation et constituent un point de d\u00e9part important pour \u00e9valuer les performances individuelles au sein de Troostwijk.<\/p>\n<p>Les valeurs fondamentales de Troostwijk-Roux Expertises sont les suivantes : fiabilit\u00e9, esprit d&rsquo;entreprise, passion et d\u00e9termination.<\/p>\n<p>Troostwijk-Roux Expertises, ainsi que le groupe Troostwijk aux Pays-Bas, font partie du <a href=\"https:\/\/www.accumin.com\/fr\/nous-sommes\/\">Accumin<\/a>, un acteur mondial du march\u00e9 de l&rsquo;\u00e9valuation d&rsquo;origine espagnole, qui est d\u00e9sormais pr\u00e9sent en Am\u00e9rique du Nord et du Sud ainsi qu&rsquo;en Afrique.<\/p>\n<p>Nous sommes \u00e0 votre disposition , si vous avez besoin de nous ! Il suffit de prendre rendez-vous pour un entretien libre et sans engagement.<\/p>\n<p>Contact\u00a0 \u00a0 \u00a0 \u00a0 \u00a0 \u00a0 \u00a0 \u00a0 \u00a0 \u00a0 \u00a0 \u00a0 \u00a0 &#8211; Troostwijk-Roux Expertises BV<\/p>\n<p>Evaluations\u00a0 \u00a0 \u00a0 \u00a0 \u00a0 \u00a0 \u00a0 \u00a0 \u00a0 \u00a0 &#8211; t\u00e9l. 0032 3 287 62 82 ou value@trex.be<\/p>\n<p>Sinistres\u00a0 \u00a0 \u00a0 \u00a0 \u00a0 \u00a0 \u00a0 \u00a0 \u00a0 \u00a0 \u00a0 \u00a0 \u00a0&#8211; t\u00e9l. 0032 3 287 62 87 ou claims@trex.be<\/p>\n<p>Conditions g\u00e9n\u00e9rales\u00a0 \u00a0&#8211; cliquez <a href=\"https:\/\/www.trex.be\/algemene-voorwaarden\/\" rel=\"noopener\">ici<\/a> pour les conditions g\u00e9n\u00e9rales.<\/p>\n<p>Num\u00e9ro de TVA\u00a0 \u00a0 \u00a0 \u00a0 \u00a0 \u00a0 &#8211; BE 0731.752.261<\/p>\n<p>Troostwijk Roux-Expertises est joignable 24\/7 au num\u00e9ro \u00a0070 233 880.<\/p>\n<p>Le co\u00fbt de cet appel d&rsquo;urgence est de 0,30\u20ac par minute.<\/p>\n<p>Date de d\u00e9but de ce service : 01\/01\/2010. Date de fin : non applicable.[\/vc_column_text]<div class=\"vcex-module vcex-divider vcex-divider-solid vcex-divider-center wpex-mx-auto wpex-max-w-100 wpex-block wpex-h-0 wpex-border-b wpex-border-solid wpex-border-main\" style=\"width:100%;margin-block:20px;border-bottom-width:1px;border-color:#f4f4f4;\"><\/div><style>.vcex-heading.vcex_69e388ad64da3{font-size:40px;font-weight:700;}.vcex-heading.vcex_69e388ad64da3 .vcex-heading-icon{color:#0093d0;}<\/style><h2 class=\"vcex-heading vcex-heading-plain vcex-module wpex-heading wpex-text-2xl vc_custom_1635346818013 vcex_69e388ad64da3\"><span class=\"vcex-heading-inner wpex-inline-block\"><span class=\"vcex-heading-icon vcex-heading-icon-left vcex-icon-wrap wpex-mr-15\"><span class=\"ticon ticon-ravelry\" aria-hidden=\"true\"><\/span><\/span>Troostwijk International<\/span><\/h2>[vc_column_text]\n<h3>TRW Global<\/h3>\n<p>Depuis les ann\u00e9es 1980, Troostwijk-Roux Expertises suit ses clients au-del\u00e0 des fronti\u00e8res de la Belgique. Son propre r\u00e9seau international joue un r\u00f4le important \u00e0 cet \u00e9gard.<\/p>\n<p>Ce r\u00e9seau de partenariats exclusifs se compose de toutes sortes de filiales internationales bas\u00e9es sur des sites \u00e9conomiquement importants.<\/p>\n<h3>Agir au niveau mondial, penser au niveau local<\/h3>\n<p>L&rsquo;ex\u00e9cution d&rsquo;une mission internationale est personnalis\u00e9e. Parfois, la composition de l&rsquo;entreprise est telle qu&rsquo;il est \u00e9conomiquement et professionnellement judicieux de r\u00e9aliser l&rsquo;\u00e9valuation avec une \u00e9quipe permanente de chefs de projet, en collaboration avec le partenaire local de notre r\u00e9seau.<\/p>\n<p>Si l&rsquo;\u00e9valuation n\u00e9cessite une combinaison de connaissances locales et de connaissances sp\u00e9cifiques du client, la coop\u00e9ration sera recherch\u00e9e au sein du r\u00e9seau au niveau de la mission sp\u00e9cifique. En tous cas , la coordination reste centralis\u00e9e et ceci afin de simplifier la communication et d\u2019\u00e9viter pour le client des t\u00e2ches logistiques fastidieuses.<\/p>\n<p>En tout \u00e9tat de cause, \u00a0nous veillons \u00e0 ce que les rapports restent transparents malgr\u00e9 les nombreuses m\u00e9thodologies et concepts de valeur internationales diff\u00e9rentes. De cette mani\u00e8re, nous garantissons que votre mission soit ex\u00e9cut\u00e9e professionellement.[\/vc_column_text]<div class=\"vcex-module vcex-divider vcex-divider-solid vcex-divider-center wpex-mx-auto wpex-max-w-100 wpex-block wpex-h-0 wpex-border-b wpex-border-solid wpex-border-main\" style=\"width:100%;margin-block:20px;border-bottom-width:1px;border-color:#f4f4f4;\"><\/div><style>.vcex-heading.vcex_69e388ad65dc9{font-size:40px;font-weight:700;}.vcex-heading.vcex_69e388ad65dc9 .vcex-heading-icon{color:#0093d0;}<\/style><h2 class=\"vcex-heading vcex-heading-plain vcex-module wpex-heading wpex-text-2xl vc_custom_1725549977046 vcex_69e388ad65dc9\"><span class=\"vcex-heading-inner wpex-inline-block\"><span class=\"vcex-heading-icon vcex-heading-icon-left vcex-icon-wrap wpex-mr-15\"><span class=\"ticon ticon-handshake-o\" aria-hidden=\"true\"><\/span><\/span>Partie de Accumin<\/span><\/h2>[vc_column_text css=\u00a0\u00bb\u00a0\u00bb]\n<h3>Accumin<\/h3>\n<p><a href=\"https:\/\/www.accumin.com\/fr\/\" target=\"_blank\" rel=\"noopener\">Accumin<\/a>: Nous sommes des experts-conseils ind\u00e9pendants en mati\u00e8re d&rsquo;immobilier et de propri\u00e9t\u00e9, qui vous permettent de naviguer dans l&rsquo;incertitude et le risque afin d&rsquo;atteindre vos objectifs. Nous \u00e9voluons et nous nous diversifions, mais nous innovons constamment pour que vous puissiez vous d\u00e9velopper en toute clart\u00e9 et en toute confiance.<\/p>\n<p>Notre force provient de nos connaissances et de notre diversit\u00e9, combin\u00e9es \u00e0 nos capacit\u00e9s d&rsquo;innovation. Qu&rsquo;il s&rsquo;agisse de donn\u00e9es et de logiciels de pointe, de processus technologiques ou d&rsquo;\u00e9valuateurs de renomm\u00e9e mondiale, l&rsquo;\u00e9tendue et la profondeur de notre expertise sont in\u00e9gal\u00e9es.<\/p>\n<p>Nous int\u00e9grons des pratiques durables dans tous nos services et, gr\u00e2ce \u00e0 notre honn\u00eatet\u00e9 et \u00e0 nos normes \u00e9thiques \u00e9lev\u00e9es, nous instaurons la confiance et des partenariats durables.<\/p>\n<p>Gr\u00e2ce \u00e0 notre pr\u00e9sence mondiale, vous b\u00e9n\u00e9ficierez de notre expertise collective. Nous \u00e9valuons les opportunit\u00e9s sous tous les angles afin de r\u00e9duire la complexit\u00e9 et d&rsquo;identifier la valeur avec une clart\u00e9 absolue.<\/p>\n<p><strong>See value clearly.<\/strong> Faites le bon choix.[\/vc_column_text]<div class=\"vcex-module vcex-divider vcex-divider-solid vcex-divider-center wpex-mx-auto wpex-max-w-100 wpex-block wpex-h-0 wpex-border-b wpex-border-solid wpex-border-main\" style=\"width:100%;margin-block:20px;border-color:#f4f4f4;\"><\/div><div class=\"vcex-module vcex-divider vcex-divider-solid vcex-divider-center wpex-mx-auto wpex-max-w-100 wpex-block wpex-h-0 wpex-border-b wpex-border-solid wpex-border-main\" style=\"width:100%;margin-block:20px;border-color:#f4f4f4;\"><\/div>[vc_video link=\u00a0\u00bbhttps:\/\/vimeo.com\/1109617414&Prime; el_width=\u00a0\u00bb50&Prime; css=\u00a0\u00bb\u00a0\u00bb][\/vc_column][\/vc_row]\n<\/div>","protected":false},"excerpt":{"rendered":"<p>[vc_row][vc_column][vc_custom_heading text=\u00a0\u00bbA propos de Troostwijk Roux Expertises\u00a0\u00bb font_container=\u00a0\u00bbtag:h2|font_size:40|text_align:left\u00a0\u00bb use_theme_fonts=\u00a0\u00bbyes\u00a0\u00bb][vc_column_text css=\u00a0\u00bb\u00a0\u00bb]Troostwijk-Roux Expertises est un des leader depuis plus de 40 ans dans le domaine des \u00e9valuations, des expertises de dommages, des inspections et du conseil. Nous op\u00e9rons dans tous les segments de l&rsquo;industrie. Des PME aux soci\u00e9t\u00e9s cot\u00e9es en bourse. Chez Troostwijk-Roux Expertises, vous pouvez compter&hellip;<\/p>\n","protected":false},"author":1,"featured_media":0,"parent":0,"menu_order":0,"comment_status":"closed","ping_status":"closed","template":"templates\/right-sidebar.php","meta":{"_acf_changed":false,"footnotes":""},"class_list":["post-4797","page","type-page","status-publish","hentry","entry","no-media"],"acf":[],"yoast_head":"<!-- This site is optimized with the Yoast SEO plugin v26.8 - https:\/\/yoast.com\/product\/yoast-seo-wordpress\/ -->\n<title>\u00c0 propos de nous | Troostwijk Roux Expertises<\/title>\n<meta name=\"description\" content=\"Depuis 40 ans, Troostwijk-Roux Expertises est leader dans le domaine de l&#039;expertise, de l&#039;\u00e9valuation des dommages et du conseil en Belgique et \u00e0 l&#039;\u00e9tranger.\" \/>\n<meta name=\"robots\" content=\"index, follow, max-snippet:-1, max-image-preview:large, max-video-preview:-1\" \/>\n<link rel=\"canonical\" href=\"https:\/\/www.trex.be\/fr\/a-propos-de-nous\/\" \/>\n<meta property=\"og:locale\" content=\"fr_FR\" \/>\n<meta property=\"og:type\" content=\"article\" \/>\n<meta property=\"og:title\" content=\"\u00c0 propos de nous | Troostwijk Roux Expertises\" \/>\n<meta property=\"og:description\" content=\"Depuis 40 ans, Troostwijk-Roux Expertises est leader dans le domaine de l&#039;expertise, de l&#039;\u00e9valuation des dommages et du conseil en Belgique et \u00e0 l&#039;\u00e9tranger.\" \/>\n<meta property=\"og:url\" content=\"https:\/\/www.trex.be\/fr\/a-propos-de-nous\/\" \/>\n<meta property=\"og:site_name\" content=\"Troostwijk Roux\" \/>\n<meta property=\"article:modified_time\" content=\"2025-08-13T09:28:34+00:00\" \/>\n<meta name=\"twitter:card\" content=\"summary_large_image\" \/>\n<meta name=\"twitter:label1\" content=\"Dur\u00e9e de lecture estim\u00e9e\" \/>\n\t<meta name=\"twitter:data1\" content=\"4 minutes\" \/>\n<script type=\"application\/ld+json\" class=\"yoast-schema-graph\">{\"@context\":\"https:\/\/schema.org\",\"@graph\":[{\"@type\":\"WebPage\",\"@id\":\"https:\/\/www.trex.be\/fr\/a-propos-de-nous\/\",\"url\":\"https:\/\/www.trex.be\/fr\/a-propos-de-nous\/\",\"name\":\"\u00c0 propos de nous | Troostwijk Roux Expertises\",\"isPartOf\":{\"@id\":\"https:\/\/www.trex.be\/#website\"},\"datePublished\":\"2020-09-30T15:14:40+00:00\",\"dateModified\":\"2025-08-13T09:28:34+00:00\",\"description\":\"Depuis 40 ans, Troostwijk-Roux Expertises est leader dans le domaine de l'expertise, de l'\u00e9valuation des dommages et du conseil en Belgique et \u00e0 l'\u00e9tranger.\",\"breadcrumb\":{\"@id\":\"https:\/\/www.trex.be\/fr\/a-propos-de-nous\/#breadcrumb\"},\"inLanguage\":\"fr-FR\",\"potentialAction\":[{\"@type\":\"ReadAction\",\"target\":[\"https:\/\/www.trex.be\/fr\/a-propos-de-nous\/\"]}]},{\"@type\":\"BreadcrumbList\",\"@id\":\"https:\/\/www.trex.be\/fr\/a-propos-de-nous\/#breadcrumb\",\"itemListElement\":[{\"@type\":\"ListItem\",\"position\":1,\"name\":\"Home\",\"item\":\"https:\/\/www.trex.be\/fr\/\"},{\"@type\":\"ListItem\",\"position\":2,\"name\":\"\u00c0 propos de nous\"}]},{\"@type\":\"WebSite\",\"@id\":\"https:\/\/www.trex.be\/#website\",\"url\":\"https:\/\/www.trex.be\/\",\"name\":\"Troostwijk Roux\",\"description\":\"\",\"publisher\":{\"@id\":\"https:\/\/www.trex.be\/#organization\"},\"potentialAction\":[{\"@type\":\"SearchAction\",\"target\":{\"@type\":\"EntryPoint\",\"urlTemplate\":\"https:\/\/www.trex.be\/?s={search_term_string}\"},\"query-input\":{\"@type\":\"PropertyValueSpecification\",\"valueRequired\":true,\"valueName\":\"search_term_string\"}}],\"inLanguage\":\"fr-FR\"},{\"@type\":\"Organization\",\"@id\":\"https:\/\/www.trex.be\/#organization\",\"name\":\"Troostwijk\",\"url\":\"https:\/\/www.trex.be\/\",\"logo\":{\"@type\":\"ImageObject\",\"inLanguage\":\"fr-FR\",\"@id\":\"https:\/\/www.trex.be\/#\/schema\/logo\/image\/\",\"url\":\"https:\/\/trex.be\/wp-content\/uploads\/sites\/5\/2020\/12\/troostwijk-logo.png\",\"contentUrl\":\"https:\/\/trex.be\/wp-content\/uploads\/sites\/5\/2020\/12\/troostwijk-logo.png\",\"width\":188,\"height\":55,\"caption\":\"Troostwijk\"},\"image\":{\"@id\":\"https:\/\/www.trex.be\/#\/schema\/logo\/image\/\"}}]}<\/script>\n<!-- \/ Yoast SEO plugin. -->","yoast_head_json":{"title":"\u00c0 propos de nous | Troostwijk Roux Expertises","description":"Depuis 40 ans, Troostwijk-Roux Expertises est leader dans le domaine de l'expertise, de l'\u00e9valuation des dommages et du conseil en Belgique et \u00e0 l'\u00e9tranger.","robots":{"index":"index","follow":"follow","max-snippet":"max-snippet:-1","max-image-preview":"max-image-preview:large","max-video-preview":"max-video-preview:-1"},"canonical":"https:\/\/www.trex.be\/fr\/a-propos-de-nous\/","og_locale":"fr_FR","og_type":"article","og_title":"\u00c0 propos de nous | Troostwijk Roux Expertises","og_description":"Depuis 40 ans, Troostwijk-Roux Expertises est leader dans le domaine de l'expertise, de l'\u00e9valuation des dommages et du conseil en Belgique et \u00e0 l'\u00e9tranger.","og_url":"https:\/\/www.trex.be\/fr\/a-propos-de-nous\/","og_site_name":"Troostwijk Roux","article_modified_time":"2025-08-13T09:28:34+00:00","twitter_card":"summary_large_image","twitter_misc":{"Dur\u00e9e de lecture estim\u00e9e":"4 minutes"},"schema":{"@context":"https:\/\/schema.org","@graph":[{"@type":"WebPage","@id":"https:\/\/www.trex.be\/fr\/a-propos-de-nous\/","url":"https:\/\/www.trex.be\/fr\/a-propos-de-nous\/","name":"\u00c0 propos de nous | Troostwijk Roux Expertises","isPartOf":{"@id":"https:\/\/www.trex.be\/#website"},"datePublished":"2020-09-30T15:14:40+00:00","dateModified":"2025-08-13T09:28:34+00:00","description":"Depuis 40 ans, Troostwijk-Roux Expertises est leader dans le domaine de l'expertise, de l'\u00e9valuation des dommages et du conseil en Belgique et \u00e0 l'\u00e9tranger.","breadcrumb":{"@id":"https:\/\/www.trex.be\/fr\/a-propos-de-nous\/#breadcrumb"},"inLanguage":"fr-FR","potentialAction":[{"@type":"ReadAction","target":["https:\/\/www.trex.be\/fr\/a-propos-de-nous\/"]}]},{"@type":"BreadcrumbList","@id":"https:\/\/www.trex.be\/fr\/a-propos-de-nous\/#breadcrumb","itemListElement":[{"@type":"ListItem","position":1,"name":"Home","item":"https:\/\/www.trex.be\/fr\/"},{"@type":"ListItem","position":2,"name":"\u00c0 propos de nous"}]},{"@type":"WebSite","@id":"https:\/\/www.trex.be\/#website","url":"https:\/\/www.trex.be\/","name":"Troostwijk Roux","description":"","publisher":{"@id":"https:\/\/www.trex.be\/#organization"},"potentialAction":[{"@type":"SearchAction","target":{"@type":"EntryPoint","urlTemplate":"https:\/\/www.trex.be\/?s={search_term_string}"},"query-input":{"@type":"PropertyValueSpecification","valueRequired":true,"valueName":"search_term_string"}}],"inLanguage":"fr-FR"},{"@type":"Organization","@id":"https:\/\/www.trex.be\/#organization","name":"Troostwijk","url":"https:\/\/www.trex.be\/","logo":{"@type":"ImageObject","inLanguage":"fr-FR","@id":"https:\/\/www.trex.be\/#\/schema\/logo\/image\/","url":"https:\/\/trex.be\/wp-content\/uploads\/sites\/5\/2020\/12\/troostwijk-logo.png","contentUrl":"https:\/\/trex.be\/wp-content\/uploads\/sites\/5\/2020\/12\/troostwijk-logo.png","width":188,"height":55,"caption":"Troostwijk"},"image":{"@id":"https:\/\/www.trex.be\/#\/schema\/logo\/image\/"}}]}},"_links":{"self":[{"href":"https:\/\/www.trex.be\/fr\/wp-json\/wp\/v2\/pages\/4797","targetHints":{"allow":["GET"]}}],"collection":[{"href":"https:\/\/www.trex.be\/fr\/wp-json\/wp\/v2\/pages"}],"about":[{"href":"https:\/\/www.trex.be\/fr\/wp-json\/wp\/v2\/types\/page"}],"author":[{"embeddable":true,"href":"https:\/\/www.trex.be\/fr\/wp-json\/wp\/v2\/users\/1"}],"replies":[{"embeddable":true,"href":"https:\/\/www.trex.be\/fr\/wp-json\/wp\/v2\/comments?post=4797"}],"version-history":[{"count":6,"href":"https:\/\/www.trex.be\/fr\/wp-json\/wp\/v2\/pages\/4797\/revisions"}],"predecessor-version":[{"id":8565,"href":"https:\/\/www.trex.be\/fr\/wp-json\/wp\/v2\/pages\/4797\/revisions\/8565"}],"wp:attachment":[{"href":"https:\/\/www.trex.be\/fr\/wp-json\/wp\/v2\/media?parent=4797"}],"curies":[{"name":"wp","href":"https:\/\/api.w.org\/{rel}","templated":true}]}}