{"id":4806,"date":"2020-09-30T15:09:12","date_gmt":"2020-09-30T15:09:12","guid":{"rendered":"https:\/\/www.trex.be\/verzekeringswaardering\/"},"modified":"2022-06-09T14:13:13","modified_gmt":"2022-06-09T14:13:13","slug":"expertise-valeur-assurable","status":"publish","type":"page","link":"https:\/\/www.trex.be\/fr\/evaluations\/expertise-valeur-assurable\/","title":{"rendered":"Expertise valeur assurable"},"content":{"rendered":"<div class=\"wpb-content-wrapper\">[vc_row][vc_column][vc_custom_heading text=\u00a0\u00bbGestion des risques\u00a0\u00bb font_container=\u00a0\u00bbtag:h2|font_size:40|text_align:left\u00a0\u00bb use_theme_fonts=\u00a0\u00bbyes\u00a0\u00bb][vc_column_text font_size=\u00a0\u00bb20&Prime;]Vous avez sans doute souscrit une assurance pour vos b\u00e2timents et \u00e9quipements. Mais \u00eates-vous certains que vos biens sont assur\u00e9s pour les bons montants ? En d&rsquo;autres termes, votre gestion des risques est-elle en ordre ?<\/p>\n<p>En cas de dommages aux b\u00e2timents ou \u00e9quipements, une discussion peut s&rsquo;engager sur la valeur assur\u00e9e. Pour des actifs plus ancien, une v\u00e9tust\u00e9 peut-\u00eatre prise en consid\u00e9ration et l\u2019indemnit\u00e9 r\u00e9duite.<\/p>\n<p>Ces probl\u00e8mes peuvent \u00eatre \u00e9vit\u00e9s avec une valeur d&rsquo;assurance fixe. En cas de dommage, une \u00e9valuation d&rsquo;assurance garantit la continuit\u00e9 des activit\u00e9s. En cas de sinistre vous d\u00e9sirez \u00eatre idemnis\u00e9 correctement.[\/vc_column_text]<div class=\"vcex-module vcex-divider vcex-divider-solid vcex-divider-center wpex-mx-auto wpex-max-w-100 wpex-block wpex-h-0 wpex-border-b wpex-border-solid wpex-border-main\" style=\"width:100%;margin-block:20px;border-bottom-width:1px;border-color:#f4f4f4;\"><\/div>[\/vc_column][\/vc_row][vc_row css=\u00a0\u00bb.vc_custom_1603351948953{padding-top: 10px !important;}\u00a0\u00bb][vc_column]<style>.vcex-heading.vcex_69f53995a9ef4{font-size:40px;font-weight:700;}.vcex-heading.vcex_69f53995a9ef4 .vcex-heading-icon{color:#0093d0;}<\/style><h2 class=\"vcex-heading vcex-heading-plain vcex-module wpex-heading wpex-text-2xl vcex_69f53995a9ef4\"><span class=\"vcex-heading-inner wpex-inline-block\"><span class=\"vcex-heading-icon vcex-heading-icon-left vcex-icon-wrap wpex-mr-15\"><span aria-hidden=\"true\" class=\"far fa-question-circle\"><\/span><\/span>Pourquoi?<\/span><\/h2>[vc_column_text]\n<h3><strong>Pourquoi valoriser les b\u00e2timents ?<\/strong><\/h3>\n<h4><strong>Base d&rsquo;\u00e9valuation<\/strong><\/h4>\n<p>La base de valeur pour assurer un b\u00e2timent est sa valeur \u00e0 neuf. Dans de nombreux cas, cet aspect est inconsciemment n\u00e9glig\u00e9. On utilise plut\u00f4t la valeur d&rsquo;achat, le co\u00fbt historique, le co\u00fbt de construction ou la valeur actuelle. Dans ces cas pr\u00e9cit\u00e9, le risque de sous-assurance important. Une \u00e9valuation objective exclut ce risque.<\/p>\n<h4><strong>Indexation standard via l&rsquo;index ABEX<\/strong><\/h4>\n<p><a href=\"https:\/\/www.trex.be\/fr\/research\/indice-trex\/\" rel=\"noopener\">Une indexation ABEX<\/a> r\u00e9sulte en une augmentation annuelle cumulative de la valeur assur\u00e9e. Le risque est que la valeur \u00e0 neuf assur\u00e9e ( le co\u00fbt du remplacement \u00e0 l&rsquo;identique des b\u00e2timents et des machines par un nouveau b\u00e2timent ou une nouvelle machine) apr\u00e8s un certain nombre d&rsquo;ann\u00e9es diff\u00e8re consid\u00e9rablement de la valeur r\u00e9elle \u00e0 assurer. \u00c9tant donn\u00e9 qu&rsquo;un pourcentage d&rsquo;indice standard g\u00e9n\u00e9ral peut \u00eatre trop \u00e9lev\u00e9 pour votre b\u00e2timent, le risque de surassurance &#8211; par lequel vous payez une prime trop \u00e9lev\u00e9e &#8211; est r\u00e9el. L&rsquo;\u00e9valuation p\u00e9riodique (abonnement) garantit \u00e0 tout moment une valeur correcte !<\/p>\n<h3><strong>Pourquoi valoriser le<\/strong><strong> mat\u00e9riel?<\/strong><\/h3>\n<h4><strong>Base d&rsquo;\u00e9valuation<\/strong><\/h4>\n<p>La base de valeur pour l&rsquo;assurance des machines est la valeur \u00e0 neuf. Il s&rsquo;agit du montant qui serait n\u00e9cessaire apr\u00e8s sinistre pour acheter une machine \u00e9quivalente, sans remise.[\/vc_column_text]<div class=\"vcex-module vcex-divider vcex-divider-solid vcex-divider-center wpex-mx-auto wpex-max-w-100 wpex-block wpex-h-0 wpex-border-b wpex-border-solid wpex-border-main\" style=\"width:100%;margin-block:20px;border-bottom-width:1px;border-color:#f4f4f4;\"><\/div>[\/vc_column][\/vc_row][vc_row css=\u00a0\u00bb.vc_custom_1603351956029{padding-top: 10px !important;}\u00a0\u00bb][vc_column]<style>.vcex-heading.vcex_69f53995aa9ba{font-size:40px;font-weight:700;}.vcex-heading.vcex_69f53995aa9ba .vcex-heading-icon{color:#0093d0;}<\/style><h2 class=\"vcex-heading vcex-heading-plain vcex-module wpex-heading wpex-text-2xl vcex_69f53995aa9ba\"><span class=\"vcex-heading-inner wpex-inline-block\"><span class=\"vcex-heading-icon vcex-heading-icon-left vcex-icon-wrap wpex-mr-15\"><span aria-hidden=\"true\" class=\"far fa-check-square\"><\/span><\/span>Avantages<\/span><\/h2>[vc_column_text]\n<h3>Un jugement de valeur ind\u00e9pendant et objectif<\/h3>\n<p>En tant que leader du march\u00e9, Troostwijk \u00e9value les actifs de toutes les entreprises et\/ou institutions. En tant que taxateur ind\u00e9pendant et objectif, nous effectuons des \u00e9valuations dans le monde entier.<\/p>\n<h3><strong>Des rapports fiables et clairs<\/strong><\/h3>\n<p>Troostwijk-Roux Expertises vous garantit un rapport d&rsquo;\u00e9valuation fiable et actualis\u00e9 et vous assure une position plus forte en cas de sinistre.<\/p>\n<h3><strong>Des <\/strong><strong>taxateurs exp\u00e9riment\u00e9s et comp\u00e9tents<\/strong><\/h3>\n<p>Nos taxateurs poss\u00e8dent toutes les connaissances et l&rsquo;exp\u00e9rience n\u00e9cessaires (MRE, REV, <a href=\"https:\/\/www.rics.org\/eu\/\" target=\"_blank\" rel=\"noopener\">RICS,<\/a> TEGOVA). Ils suivent chaque ann\u00e9e des programmes de formation ( interne &amp; externe )[\/vc_column_text]<div class=\"vcex-module vcex-divider vcex-divider-solid vcex-divider-center wpex-mx-auto wpex-max-w-100 wpex-block wpex-h-0 wpex-border-b wpex-border-solid wpex-border-main\" style=\"width:100%;margin-block:20px;border-bottom-width:1px;border-color:#f4f4f4;\"><\/div>[\/vc_column][\/vc_row][vc_row css=\u00a0\u00bb.vc_custom_1603351956029{padding-top: 10px !important;}\u00a0\u00bb][vc_column]<style>.vcex-heading.vcex_69f53995ab2dd{font-size:40px;font-weight:700;}.vcex-heading.vcex_69f53995ab2dd .vcex-heading-icon{color:#0093d0;}<\/style><h2 class=\"vcex-heading vcex-heading-plain vcex-module wpex-heading wpex-text-2xl vcex_69f53995ab2dd\"><span class=\"vcex-heading-inner wpex-inline-block\"><span class=\"vcex-heading-icon vcex-heading-icon-left vcex-icon-wrap wpex-mr-15\"><span aria-hidden=\"true\" class=\"far fa-compass\"><\/span><\/span>Notre m\u00e9thode de travail<\/span><\/h2>[vc_column_text]\n<h3><strong>Mission<\/strong><\/h3>\n<p>En un premier temps, l&rsquo;objectif de base de l&rsquo;\u00e9valuation et le format du rapport de la mission d&rsquo;\u00e9valuation sont d\u00e9termin\u00e9s. Ensuite, un budget pr\u00e9cis et un d\u00e9lai d&rsquo;ex\u00e9cution est mis en place. Apr\u00e8s l&rsquo;approbation du client, le processus d&rsquo;\u00e9valuation est lanc\u00e9.<\/p>\n<h3><strong>Syst\u00e8me d&rsquo;\u00e9valuation<\/strong><\/h3>\n<p>Troostwijk-Roux Expertises utilise des syst\u00e8mes d&rsquo;\u00e9valuation d\u00e9velopp\u00e9s en interne. Cela contribue \u00e0 l&rsquo;efficacit\u00e9 du syst\u00e8me d&rsquo;\u00e9valuation et garantit le contr\u00f4le de l&rsquo;ensemble du processus. De plus l&rsquo;uniformit\u00e9 est garantie par les g\u00e9n\u00e9rateurs de rapports, les mod\u00e8les de calcul et les banques de donn\u00e9es inclus dans le syst\u00e8me.<\/p>\n<h3><strong>Mise en \u0153uvre<\/strong><\/h3>\n<p>Lors d&rsquo;une \u00e9valuation, nos sp\u00e9cialistes enregistrent soigneusement les sp\u00e9cifications n\u00e9cessaires \u00e0 l&rsquo;analyse et au jugement la valeur exacte. Sur base des caract\u00e9ristiques du bien, des facteurs influen\u00e7ant la valeur, des recherches, \u00a0de la connaissance du march\u00e9 de nos taxateurs, etc\u2026nous \u00e9tayons une \u00e9valuation solide qui est reprise dans notre rapport.[\/vc_column_text]<div class=\"vcex-module vcex-divider vcex-divider-solid vcex-divider-center wpex-mx-auto wpex-max-w-100 wpex-block wpex-h-0 wpex-border-b wpex-border-solid wpex-border-main\" style=\"width:100%;margin-block:20px;border-color:#f4f4f4;\"><\/div>[\/vc_column][\/vc_row]\n<\/div>","protected":false},"excerpt":{"rendered":"<p>[vc_row][vc_column][vc_custom_heading text=\u00a0\u00bbGestion des risques\u00a0\u00bb font_container=\u00a0\u00bbtag:h2|font_size:40|text_align:left\u00a0\u00bb use_theme_fonts=\u00a0\u00bbyes\u00a0\u00bb][vc_column_text font_size=\u00a0\u00bb20&Prime;]Vous avez sans doute souscrit une assurance pour vos b\u00e2timents et \u00e9quipements. Mais \u00eates-vous certains que vos biens sont assur\u00e9s pour les bons montants ? En d&rsquo;autres termes, votre gestion des risques est-elle en ordre ? En cas de dommages aux b\u00e2timents ou \u00e9quipements, une discussion peut s&rsquo;engager sur&hellip;<\/p>\n","protected":false},"author":1,"featured_media":4620,"parent":4831,"menu_order":0,"comment_status":"closed","ping_status":"closed","template":"templates\/right-sidebar.php","meta":{"_acf_changed":false,"footnotes":""},"class_list":["post-4806","page","type-page","status-publish","has-post-thumbnail","hentry","entry","has-media"],"acf":[],"yoast_head":"<!-- This site is optimized with the Yoast SEO plugin v26.8 - https:\/\/yoast.com\/product\/yoast-seo-wordpress\/ -->\n<title>Expertise valeur assurable | Troostwijk Roux Expertises<\/title>\n<meta name=\"description\" content=\"Pourquoi une \u00e9valuation d&#039;assurance ? D\u00e9terminer la valeur assurable exacte, vous \u00e9vitera la sous-assurance et la sur-assurance de vos biens.\" \/>\n<meta name=\"robots\" content=\"index, follow, max-snippet:-1, max-image-preview:large, max-video-preview:-1\" \/>\n<link rel=\"canonical\" href=\"https:\/\/www.trex.be\/waarderingen\/verzekeringswaardering\/\" \/>\n<meta property=\"og:locale\" content=\"fr_FR\" \/>\n<meta property=\"og:type\" content=\"article\" \/>\n<meta property=\"og:title\" content=\"Expertise valeur assurable | Troostwijk Roux Expertises\" \/>\n<meta property=\"og:description\" content=\"Pourquoi une \u00e9valuation d&#039;assurance ? D\u00e9terminer la valeur assurable exacte, vous \u00e9vitera la sous-assurance et la sur-assurance de vos biens.\" \/>\n<meta property=\"og:url\" content=\"https:\/\/www.trex.be\/waarderingen\/verzekeringswaardering\/\" \/>\n<meta property=\"og:site_name\" content=\"Troostwijk Roux\" \/>\n<meta property=\"article:modified_time\" content=\"2022-06-09T14:13:13+00:00\" \/>\n<meta property=\"og:image\" content=\"https:\/\/www.trex.be\/wp-content\/uploads\/sites\/5\/2020\/11\/tijdelijk-icoontje-optie-5-2.png\" \/>\n\t<meta property=\"og:image:width\" content=\"568\" \/>\n\t<meta property=\"og:image:height\" content=\"650\" \/>\n\t<meta property=\"og:image:type\" content=\"image\/png\" \/>\n<meta name=\"twitter:card\" content=\"summary_large_image\" \/>\n<meta name=\"twitter:label1\" content=\"Dur\u00e9e de lecture estim\u00e9e\" \/>\n\t<meta name=\"twitter:data1\" content=\"3 minutes\" \/>\n<script type=\"application\/ld+json\" class=\"yoast-schema-graph\">{\"@context\":\"https:\/\/schema.org\",\"@graph\":[{\"@type\":\"WebPage\",\"@id\":\"https:\/\/www.trex.be\/waarderingen\/verzekeringswaardering\/\",\"url\":\"https:\/\/www.trex.be\/waarderingen\/verzekeringswaardering\/\",\"name\":\"Expertise valeur assurable | Troostwijk Roux Expertises\",\"isPartOf\":{\"@id\":\"https:\/\/www.trex.be\/#website\"},\"primaryImageOfPage\":{\"@id\":\"https:\/\/www.trex.be\/waarderingen\/verzekeringswaardering\/#primaryimage\"},\"image\":{\"@id\":\"https:\/\/www.trex.be\/waarderingen\/verzekeringswaardering\/#primaryimage\"},\"thumbnailUrl\":\"https:\/\/www.trex.be\/wp-content\/uploads\/sites\/5\/2020\/11\/tijdelijk-icoontje-optie-5-2.png\",\"datePublished\":\"2020-09-30T15:09:12+00:00\",\"dateModified\":\"2022-06-09T14:13:13+00:00\",\"description\":\"Pourquoi une \u00e9valuation d'assurance ? D\u00e9terminer la valeur assurable exacte, vous \u00e9vitera la sous-assurance et la sur-assurance de vos biens.\",\"breadcrumb\":{\"@id\":\"https:\/\/www.trex.be\/waarderingen\/verzekeringswaardering\/#breadcrumb\"},\"inLanguage\":\"fr-FR\",\"potentialAction\":[{\"@type\":\"ReadAction\",\"target\":[\"https:\/\/www.trex.be\/waarderingen\/verzekeringswaardering\/\"]}]},{\"@type\":\"ImageObject\",\"inLanguage\":\"fr-FR\",\"@id\":\"https:\/\/www.trex.be\/waarderingen\/verzekeringswaardering\/#primaryimage\",\"url\":\"https:\/\/www.trex.be\/wp-content\/uploads\/sites\/5\/2020\/11\/tijdelijk-icoontje-optie-5-2.png\",\"contentUrl\":\"https:\/\/www.trex.be\/wp-content\/uploads\/sites\/5\/2020\/11\/tijdelijk-icoontje-optie-5-2.png\",\"width\":568,\"height\":650},{\"@type\":\"BreadcrumbList\",\"@id\":\"https:\/\/www.trex.be\/waarderingen\/verzekeringswaardering\/#breadcrumb\",\"itemListElement\":[{\"@type\":\"ListItem\",\"position\":1,\"name\":\"Home\",\"item\":\"https:\/\/www.trex.be\/fr\/\"},{\"@type\":\"ListItem\",\"position\":2,\"name\":\"\u00c9valuations\",\"item\":\"https:\/\/www.trex.be\/waarderingen\/\"},{\"@type\":\"ListItem\",\"position\":3,\"name\":\"Expertise valeur assurable\"}]},{\"@type\":\"WebSite\",\"@id\":\"https:\/\/www.trex.be\/#website\",\"url\":\"https:\/\/www.trex.be\/\",\"name\":\"Troostwijk Roux\",\"description\":\"\",\"publisher\":{\"@id\":\"https:\/\/www.trex.be\/#organization\"},\"potentialAction\":[{\"@type\":\"SearchAction\",\"target\":{\"@type\":\"EntryPoint\",\"urlTemplate\":\"https:\/\/www.trex.be\/?s={search_term_string}\"},\"query-input\":{\"@type\":\"PropertyValueSpecification\",\"valueRequired\":true,\"valueName\":\"search_term_string\"}}],\"inLanguage\":\"fr-FR\"},{\"@type\":\"Organization\",\"@id\":\"https:\/\/www.trex.be\/#organization\",\"name\":\"Troostwijk\",\"url\":\"https:\/\/www.trex.be\/\",\"logo\":{\"@type\":\"ImageObject\",\"inLanguage\":\"fr-FR\",\"@id\":\"https:\/\/www.trex.be\/#\/schema\/logo\/image\/\",\"url\":\"https:\/\/trex.be\/wp-content\/uploads\/sites\/5\/2020\/12\/troostwijk-logo.png\",\"contentUrl\":\"https:\/\/trex.be\/wp-content\/uploads\/sites\/5\/2020\/12\/troostwijk-logo.png\",\"width\":188,\"height\":55,\"caption\":\"Troostwijk\"},\"image\":{\"@id\":\"https:\/\/www.trex.be\/#\/schema\/logo\/image\/\"}}]}<\/script>\n<!-- \/ Yoast SEO plugin. -->","yoast_head_json":{"title":"Expertise valeur assurable | Troostwijk Roux Expertises","description":"Pourquoi une \u00e9valuation d'assurance ? D\u00e9terminer la valeur assurable exacte, vous \u00e9vitera la sous-assurance et la sur-assurance de vos biens.","robots":{"index":"index","follow":"follow","max-snippet":"max-snippet:-1","max-image-preview":"max-image-preview:large","max-video-preview":"max-video-preview:-1"},"canonical":"https:\/\/www.trex.be\/waarderingen\/verzekeringswaardering\/","og_locale":"fr_FR","og_type":"article","og_title":"Expertise valeur assurable | Troostwijk Roux Expertises","og_description":"Pourquoi une \u00e9valuation d'assurance ? D\u00e9terminer la valeur assurable exacte, vous \u00e9vitera la sous-assurance et la sur-assurance de vos biens.","og_url":"https:\/\/www.trex.be\/waarderingen\/verzekeringswaardering\/","og_site_name":"Troostwijk Roux","article_modified_time":"2022-06-09T14:13:13+00:00","og_image":[{"width":568,"height":650,"url":"https:\/\/www.trex.be\/wp-content\/uploads\/sites\/5\/2020\/11\/tijdelijk-icoontje-optie-5-2.png","type":"image\/png"}],"twitter_card":"summary_large_image","twitter_misc":{"Dur\u00e9e de lecture estim\u00e9e":"3 minutes"},"schema":{"@context":"https:\/\/schema.org","@graph":[{"@type":"WebPage","@id":"https:\/\/www.trex.be\/waarderingen\/verzekeringswaardering\/","url":"https:\/\/www.trex.be\/waarderingen\/verzekeringswaardering\/","name":"Expertise valeur assurable | Troostwijk Roux Expertises","isPartOf":{"@id":"https:\/\/www.trex.be\/#website"},"primaryImageOfPage":{"@id":"https:\/\/www.trex.be\/waarderingen\/verzekeringswaardering\/#primaryimage"},"image":{"@id":"https:\/\/www.trex.be\/waarderingen\/verzekeringswaardering\/#primaryimage"},"thumbnailUrl":"https:\/\/www.trex.be\/wp-content\/uploads\/sites\/5\/2020\/11\/tijdelijk-icoontje-optie-5-2.png","datePublished":"2020-09-30T15:09:12+00:00","dateModified":"2022-06-09T14:13:13+00:00","description":"Pourquoi une \u00e9valuation d'assurance ? D\u00e9terminer la valeur assurable exacte, vous \u00e9vitera la sous-assurance et la sur-assurance de vos biens.","breadcrumb":{"@id":"https:\/\/www.trex.be\/waarderingen\/verzekeringswaardering\/#breadcrumb"},"inLanguage":"fr-FR","potentialAction":[{"@type":"ReadAction","target":["https:\/\/www.trex.be\/waarderingen\/verzekeringswaardering\/"]}]},{"@type":"ImageObject","inLanguage":"fr-FR","@id":"https:\/\/www.trex.be\/waarderingen\/verzekeringswaardering\/#primaryimage","url":"https:\/\/www.trex.be\/wp-content\/uploads\/sites\/5\/2020\/11\/tijdelijk-icoontje-optie-5-2.png","contentUrl":"https:\/\/www.trex.be\/wp-content\/uploads\/sites\/5\/2020\/11\/tijdelijk-icoontje-optie-5-2.png","width":568,"height":650},{"@type":"BreadcrumbList","@id":"https:\/\/www.trex.be\/waarderingen\/verzekeringswaardering\/#breadcrumb","itemListElement":[{"@type":"ListItem","position":1,"name":"Home","item":"https:\/\/www.trex.be\/fr\/"},{"@type":"ListItem","position":2,"name":"\u00c9valuations","item":"https:\/\/www.trex.be\/waarderingen\/"},{"@type":"ListItem","position":3,"name":"Expertise valeur assurable"}]},{"@type":"WebSite","@id":"https:\/\/www.trex.be\/#website","url":"https:\/\/www.trex.be\/","name":"Troostwijk Roux","description":"","publisher":{"@id":"https:\/\/www.trex.be\/#organization"},"potentialAction":[{"@type":"SearchAction","target":{"@type":"EntryPoint","urlTemplate":"https:\/\/www.trex.be\/?s={search_term_string}"},"query-input":{"@type":"PropertyValueSpecification","valueRequired":true,"valueName":"search_term_string"}}],"inLanguage":"fr-FR"},{"@type":"Organization","@id":"https:\/\/www.trex.be\/#organization","name":"Troostwijk","url":"https:\/\/www.trex.be\/","logo":{"@type":"ImageObject","inLanguage":"fr-FR","@id":"https:\/\/www.trex.be\/#\/schema\/logo\/image\/","url":"https:\/\/trex.be\/wp-content\/uploads\/sites\/5\/2020\/12\/troostwijk-logo.png","contentUrl":"https:\/\/trex.be\/wp-content\/uploads\/sites\/5\/2020\/12\/troostwijk-logo.png","width":188,"height":55,"caption":"Troostwijk"},"image":{"@id":"https:\/\/www.trex.be\/#\/schema\/logo\/image\/"}}]}},"_links":{"self":[{"href":"https:\/\/www.trex.be\/fr\/wp-json\/wp\/v2\/pages\/4806","targetHints":{"allow":["GET"]}}],"collection":[{"href":"https:\/\/www.trex.be\/fr\/wp-json\/wp\/v2\/pages"}],"about":[{"href":"https:\/\/www.trex.be\/fr\/wp-json\/wp\/v2\/types\/page"}],"author":[{"embeddable":true,"href":"https:\/\/www.trex.be\/fr\/wp-json\/wp\/v2\/users\/1"}],"replies":[{"embeddable":true,"href":"https:\/\/www.trex.be\/fr\/wp-json\/wp\/v2\/comments?post=4806"}],"version-history":[{"count":9,"href":"https:\/\/www.trex.be\/fr\/wp-json\/wp\/v2\/pages\/4806\/revisions"}],"predecessor-version":[{"id":6729,"href":"https:\/\/www.trex.be\/fr\/wp-json\/wp\/v2\/pages\/4806\/revisions\/6729"}],"up":[{"embeddable":true,"href":"https:\/\/www.trex.be\/fr\/wp-json\/wp\/v2\/pages\/4831"}],"wp:featuredmedia":[{"embeddable":true,"href":"https:\/\/www.trex.be\/fr\/wp-json\/wp\/v2\/media\/4620"}],"wp:attachment":[{"href":"https:\/\/www.trex.be\/fr\/wp-json\/wp\/v2\/media?parent=4806"}],"curies":[{"name":"wp","href":"https:\/\/api.w.org\/{rel}","templated":true}]}}