{"id":4822,"date":"2020-09-30T15:08:18","date_gmt":"2020-09-30T15:08:18","guid":{"rendered":"https:\/\/www.trex.be\/consultancy\/"},"modified":"2023-03-08T09:29:35","modified_gmt":"2023-03-08T09:29:35","slug":"consultancy","status":"publish","type":"page","link":"https:\/\/www.trex.be\/fr\/consultancy\/","title":{"rendered":"Consultancy"},"content":{"rendered":"<div class=\"wpb-content-wrapper\">[vc_row][vc_column][vc_custom_heading text=\u00a0\u00bb\u00c0 propos de Troostwijk-Roux Consultancy\u00a0\u00bb font_container=\u00a0\u00bbtag:h2|font_size:40|text_align:left\u00a0\u00bb use_theme_fonts=\u00a0\u00bbyes\u00a0\u00bb][vc_column_text font_size=\u00a0\u00bb20&Prime;]Vous pouvez vous attendre \u00e0 une approche approfondie de la part de nos consultants. Ils agissent en tant qu&rsquo;experts ind\u00e9pendants et consultatifs. Ils vont au-del\u00e0 des solutions habituelles, fournissent un travail sur mesure et sont experts dans les disciplines suivantes:[\/vc_column_text]<div class=\"vcex-module vcex-divider vcex-divider-solid vcex-divider-center wpex-mx-auto wpex-max-w-100 wpex-block wpex-h-0 wpex-border-b wpex-border-solid wpex-border-main\" style=\"width:100%;margin-block:20px;border-bottom-width:1px;border-color:#f4f4f4;\"><\/div>[vc_column_text]\n<h3>Allocation du Prix d&rsquo;Achat (APA)<\/h3>\n<p>Apr\u00e8s une acquisition, il est souvent n\u00e9cessaire d&rsquo;affecter le prix pay\u00e9 aux actifs et aux passifs repris. Nos consultants connaissent les m\u00e9thodes d&rsquo;\u00e9valuation, leur coh\u00e9rence et leur application.<\/p>\n<h3>\u00c9valuation des pertes d&rsquo;exploitation<\/h3>\n<p>L&rsquo;interruption d&rsquo;activit\u00e9 est l&rsquo;une des sp\u00e9cialit\u00e9s de Troostwijk-Roux Expertises, et nos experts sont heureux de vous aider \u00e0 d\u00e9terminer le capital \u00e0 assurer et la p\u00e9riode d&rsquo;indemnisation.<\/p>\n<h3>Fixed Asset Registration Reconciliation (FARR)<\/h3>\n<p>Les consultants ont une grande exp\u00e9rience dans la clarification des registres d&rsquo;actifs des entreprises. Des registres clarifi\u00e9s vous mettent \u00e0 l\u2019abri des risques financiers, fiscaux et juridiques.<\/p>\n<h3>Inspections des risques<\/h3>\n<p>Lors des inspections des risques, nos collaborateurs r\u00e9fl\u00e9chissent avec vous aux risques \u00e9ventuels auxquels votre organisation est expos\u00e9e et les mettent en \u00e9vidence afin de limiter les cons\u00e9quences gr\u00e2ves.<\/p>\n<h3 class=\"vc_custom_heading\">L\u2019etat des lieux<\/h3>\n<div class=\"wpb_text_column wpb_content_element \">\n<div class=\"wpb_wrapper\">\n<p>L\u2019\u00e9tat des lieux est une \u00e9valuation manuscrite et d\u00e9taill\u00e9e, r\u00e9alis\u00e9e par un expert reconnu, de l\u2019\u00e9tat r\u00e9el d\u2019un bien (b\u00e2timent, terrain, zones pavement\u00e9es non construites, etc.) au moment du relev\u00e9.<\/p>\n<h3>Negligence d\u2019entretien<\/h3>\n<p>Parce qu\u2019un \u00e9tat des lieux refl\u00e8te la situation r\u00e9elle \u00e0 un moment pr\u00e9cis, il constitue \u00e9galement un indicateur objectif de la n\u00e9gligence de l\u2019entretien.<\/p>\n<\/div>\n<\/div>\n[\/vc_column_text]<div class=\"vcex-module vcex-divider vcex-divider-solid vcex-divider-center wpex-mx-auto wpex-max-w-100 wpex-block wpex-h-0 wpex-border-b wpex-border-solid wpex-border-main\" style=\"width:100%;margin-block:20px;border-color:#f4f4f4;\"><\/div>[\/vc_column][\/vc_row][vc_row][vc_column][\/vc_column][\/vc_row]\n<\/div>","protected":false},"excerpt":{"rendered":"<p>[vc_row][vc_column][vc_custom_heading text=\u00a0\u00bb\u00c0 propos de Troostwijk-Roux Consultancy\u00a0\u00bb font_container=\u00a0\u00bbtag:h2|font_size:40|text_align:left\u00a0\u00bb use_theme_fonts=\u00a0\u00bbyes\u00a0\u00bb][vc_column_text font_size=\u00a0\u00bb20&Prime;]Vous pouvez vous attendre \u00e0 une approche approfondie de la part de nos consultants. Ils agissent en tant qu&rsquo;experts ind\u00e9pendants et consultatifs. Ils vont au-del\u00e0 des solutions habituelles, fournissent un travail sur mesure et sont experts dans les disciplines suivantes:[\/vc_column_text][vc_column_text] Allocation du Prix d&rsquo;Achat (APA) Apr\u00e8s une&hellip;<\/p>\n","protected":false},"author":1,"featured_media":0,"parent":0,"menu_order":0,"comment_status":"closed","ping_status":"closed","template":"templates\/right-sidebar.php","meta":{"_acf_changed":false,"footnotes":""},"class_list":["post-4822","page","type-page","status-publish","hentry","entry","no-media"],"acf":[],"yoast_head":"<!-- This site is optimized with the Yoast SEO plugin v26.8 - https:\/\/yoast.com\/product\/yoast-seo-wordpress\/ -->\n<title>Consultance | Troostwijk Roux Expertises<\/title>\n<meta name=\"description\" content=\"Notre service de conseil vous garantit une approche approfondie &amp; professionelle. Nos consultants agissent en tant qu&#039;experts ind\u00e9pendants et consultatifs.\" \/>\n<meta name=\"robots\" content=\"index, follow, max-snippet:-1, max-image-preview:large, max-video-preview:-1\" \/>\n<link rel=\"canonical\" href=\"https:\/\/www.trex.be\/consultancy\/\" \/>\n<meta property=\"og:locale\" content=\"fr_FR\" \/>\n<meta property=\"og:type\" content=\"article\" \/>\n<meta property=\"og:title\" content=\"Consultance | Troostwijk Roux Expertises\" \/>\n<meta property=\"og:description\" content=\"Notre service de conseil vous garantit une approche approfondie &amp; professionelle. Nos consultants agissent en tant qu&#039;experts ind\u00e9pendants et consultatifs.\" \/>\n<meta property=\"og:url\" content=\"https:\/\/www.trex.be\/consultancy\/\" \/>\n<meta property=\"og:site_name\" content=\"Troostwijk Roux\" \/>\n<meta property=\"article:modified_time\" content=\"2023-03-08T09:29:35+00:00\" \/>\n<meta name=\"twitter:card\" content=\"summary_large_image\" \/>\n<meta name=\"twitter:label1\" content=\"Dur\u00e9e de lecture estim\u00e9e\" \/>\n\t<meta name=\"twitter:data1\" content=\"2 minutes\" \/>\n<script type=\"application\/ld+json\" class=\"yoast-schema-graph\">{\"@context\":\"https:\/\/schema.org\",\"@graph\":[{\"@type\":\"WebPage\",\"@id\":\"https:\/\/www.trex.be\/consultancy\/\",\"url\":\"https:\/\/www.trex.be\/consultancy\/\",\"name\":\"Consultance | Troostwijk Roux Expertises\",\"isPartOf\":{\"@id\":\"https:\/\/www.trex.be\/#website\"},\"datePublished\":\"2020-09-30T15:08:18+00:00\",\"dateModified\":\"2023-03-08T09:29:35+00:00\",\"description\":\"Notre service de conseil vous garantit une approche approfondie & professionelle. Nos consultants agissent en tant qu'experts ind\u00e9pendants et consultatifs.\",\"breadcrumb\":{\"@id\":\"https:\/\/www.trex.be\/consultancy\/#breadcrumb\"},\"inLanguage\":\"fr-FR\",\"potentialAction\":[{\"@type\":\"ReadAction\",\"target\":[\"https:\/\/www.trex.be\/consultancy\/\"]}]},{\"@type\":\"BreadcrumbList\",\"@id\":\"https:\/\/www.trex.be\/consultancy\/#breadcrumb\",\"itemListElement\":[{\"@type\":\"ListItem\",\"position\":1,\"name\":\"Home\",\"item\":\"https:\/\/www.trex.be\/fr\/\"},{\"@type\":\"ListItem\",\"position\":2,\"name\":\"Consultancy\"}]},{\"@type\":\"WebSite\",\"@id\":\"https:\/\/www.trex.be\/#website\",\"url\":\"https:\/\/www.trex.be\/\",\"name\":\"Troostwijk Roux\",\"description\":\"\",\"publisher\":{\"@id\":\"https:\/\/www.trex.be\/#organization\"},\"potentialAction\":[{\"@type\":\"SearchAction\",\"target\":{\"@type\":\"EntryPoint\",\"urlTemplate\":\"https:\/\/www.trex.be\/?s={search_term_string}\"},\"query-input\":{\"@type\":\"PropertyValueSpecification\",\"valueRequired\":true,\"valueName\":\"search_term_string\"}}],\"inLanguage\":\"fr-FR\"},{\"@type\":\"Organization\",\"@id\":\"https:\/\/www.trex.be\/#organization\",\"name\":\"Troostwijk\",\"url\":\"https:\/\/www.trex.be\/\",\"logo\":{\"@type\":\"ImageObject\",\"inLanguage\":\"fr-FR\",\"@id\":\"https:\/\/www.trex.be\/#\/schema\/logo\/image\/\",\"url\":\"https:\/\/trex.be\/wp-content\/uploads\/sites\/5\/2020\/12\/troostwijk-logo.png\",\"contentUrl\":\"https:\/\/trex.be\/wp-content\/uploads\/sites\/5\/2020\/12\/troostwijk-logo.png\",\"width\":188,\"height\":55,\"caption\":\"Troostwijk\"},\"image\":{\"@id\":\"https:\/\/www.trex.be\/#\/schema\/logo\/image\/\"}}]}<\/script>\n<!-- \/ Yoast SEO plugin. -->","yoast_head_json":{"title":"Consultance | Troostwijk Roux Expertises","description":"Notre service de conseil vous garantit une approche approfondie & professionelle. Nos consultants agissent en tant qu'experts ind\u00e9pendants et consultatifs.","robots":{"index":"index","follow":"follow","max-snippet":"max-snippet:-1","max-image-preview":"max-image-preview:large","max-video-preview":"max-video-preview:-1"},"canonical":"https:\/\/www.trex.be\/consultancy\/","og_locale":"fr_FR","og_type":"article","og_title":"Consultance | Troostwijk Roux Expertises","og_description":"Notre service de conseil vous garantit une approche approfondie & professionelle. Nos consultants agissent en tant qu'experts ind\u00e9pendants et consultatifs.","og_url":"https:\/\/www.trex.be\/consultancy\/","og_site_name":"Troostwijk Roux","article_modified_time":"2023-03-08T09:29:35+00:00","twitter_card":"summary_large_image","twitter_misc":{"Dur\u00e9e de lecture estim\u00e9e":"2 minutes"},"schema":{"@context":"https:\/\/schema.org","@graph":[{"@type":"WebPage","@id":"https:\/\/www.trex.be\/consultancy\/","url":"https:\/\/www.trex.be\/consultancy\/","name":"Consultance | Troostwijk Roux Expertises","isPartOf":{"@id":"https:\/\/www.trex.be\/#website"},"datePublished":"2020-09-30T15:08:18+00:00","dateModified":"2023-03-08T09:29:35+00:00","description":"Notre service de conseil vous garantit une approche approfondie & professionelle. Nos consultants agissent en tant qu'experts ind\u00e9pendants et consultatifs.","breadcrumb":{"@id":"https:\/\/www.trex.be\/consultancy\/#breadcrumb"},"inLanguage":"fr-FR","potentialAction":[{"@type":"ReadAction","target":["https:\/\/www.trex.be\/consultancy\/"]}]},{"@type":"BreadcrumbList","@id":"https:\/\/www.trex.be\/consultancy\/#breadcrumb","itemListElement":[{"@type":"ListItem","position":1,"name":"Home","item":"https:\/\/www.trex.be\/fr\/"},{"@type":"ListItem","position":2,"name":"Consultancy"}]},{"@type":"WebSite","@id":"https:\/\/www.trex.be\/#website","url":"https:\/\/www.trex.be\/","name":"Troostwijk Roux","description":"","publisher":{"@id":"https:\/\/www.trex.be\/#organization"},"potentialAction":[{"@type":"SearchAction","target":{"@type":"EntryPoint","urlTemplate":"https:\/\/www.trex.be\/?s={search_term_string}"},"query-input":{"@type":"PropertyValueSpecification","valueRequired":true,"valueName":"search_term_string"}}],"inLanguage":"fr-FR"},{"@type":"Organization","@id":"https:\/\/www.trex.be\/#organization","name":"Troostwijk","url":"https:\/\/www.trex.be\/","logo":{"@type":"ImageObject","inLanguage":"fr-FR","@id":"https:\/\/www.trex.be\/#\/schema\/logo\/image\/","url":"https:\/\/trex.be\/wp-content\/uploads\/sites\/5\/2020\/12\/troostwijk-logo.png","contentUrl":"https:\/\/trex.be\/wp-content\/uploads\/sites\/5\/2020\/12\/troostwijk-logo.png","width":188,"height":55,"caption":"Troostwijk"},"image":{"@id":"https:\/\/www.trex.be\/#\/schema\/logo\/image\/"}}]}},"_links":{"self":[{"href":"https:\/\/www.trex.be\/fr\/wp-json\/wp\/v2\/pages\/4822","targetHints":{"allow":["GET"]}}],"collection":[{"href":"https:\/\/www.trex.be\/fr\/wp-json\/wp\/v2\/pages"}],"about":[{"href":"https:\/\/www.trex.be\/fr\/wp-json\/wp\/v2\/types\/page"}],"author":[{"embeddable":true,"href":"https:\/\/www.trex.be\/fr\/wp-json\/wp\/v2\/users\/1"}],"replies":[{"embeddable":true,"href":"https:\/\/www.trex.be\/fr\/wp-json\/wp\/v2\/comments?post=4822"}],"version-history":[{"count":10,"href":"https:\/\/www.trex.be\/fr\/wp-json\/wp\/v2\/pages\/4822\/revisions"}],"predecessor-version":[{"id":7412,"href":"https:\/\/www.trex.be\/fr\/wp-json\/wp\/v2\/pages\/4822\/revisions\/7412"}],"wp:attachment":[{"href":"https:\/\/www.trex.be\/fr\/wp-json\/wp\/v2\/media?parent=4822"}],"curies":[{"name":"wp","href":"https:\/\/api.w.org\/{rel}","templated":true}]}}