{"id":4827,"date":"2020-09-30T15:05:07","date_gmt":"2020-09-30T15:05:07","guid":{"rendered":"https:\/\/www.trex.be\/schade-expertises\/"},"modified":"2021-11-05T13:35:52","modified_gmt":"2021-11-05T13:35:52","slug":"expertise-apres-sinistre","status":"publish","type":"page","link":"https:\/\/www.trex.be\/fr\/expertise-apres-sinistre\/","title":{"rendered":"Expertise apr\u00e8s sinistre"},"content":{"rendered":"<div class=\"wpb-content-wrapper\">[vc_row][vc_column][vc_custom_heading text=\u00a0\u00bb\u00c0 propos de Troostwijk Roux Claims\u00a0\u00bb font_container=\u00a0\u00bbtag:h2|font_size:40|text_align:left\u00a0\u00bb use_theme_fonts=\u00a0\u00bbyes\u00a0\u00bb][vc_column_text font_size=\u00a0\u00bb20&Prime;]\u00c0 propos des \u00e9valuations de <a href=\"https:\/\/www.trex.be\/fr\/expertise-apres-sinistre\/dommage-materiel\/\" rel=\"noopener\">dommages<\/a> de Troostwijk-Roux. Troostwijk-Roux Expertises est un expert de sinistres, ind\u00e9pendant de premier plan en Belgique, qui op\u00e8re exclusivement en tant qu&rsquo;expert priv\u00e9, c&rsquo;est-\u00e0-dire exclusivement pour le compte du sinistr\u00e9.[\/vc_column_text]<div class=\"vcex-module vcex-divider vcex-divider-solid vcex-divider-center wpex-mx-auto wpex-block wpex-h-0 wpex-border-b wpex-border-solid wpex-border-main\" style=\"margin-block:20px;border-bottom-width:1px;\"><\/div>[vc_column_text]\n<h3><strong>Le bon choix d\u2019expert<\/strong><\/h3>\n<p>Tant en cas de dommages mat\u00e9riels, \u00a0b\u00e2timents, mobiliers, \u00e9quipements et marchandises, qu&rsquo;en cas de <a href=\"https:\/\/www.trex.be\/fr\/expertise-apres-sinistre\/perte-dexploitation\/\" rel=\"noopener\">perte d\u2019expoitation<\/a> , nous veillons \u00e0 ce que l&rsquo;expert le plus appropri\u00e9 s&rsquo;occupe de votre dossier. Votre expert ne vous aidera pas seulement dans la premi\u00e8re phase du sinistre, mais il repr\u00e9sentera \u00e9galement vos int\u00e9r\u00eats de mani\u00e8re professionnelle et personnelle.<\/p>\n<h3><strong>Une assistance optimale<\/strong><\/h3>\n<p>Troostwijk-Roux Expertises est enti\u00e8rement \u00e0 vos c\u00f4t\u00e9s. Comme nous n&rsquo;acceptons pas de missions des assureurs, les conflits d&rsquo;int\u00e9r\u00eats sont \u00e9vit\u00e9s et vous \u00eates assur\u00e9 d&rsquo;une assistance ind\u00e9pendante optimale.<\/p>\n<h3><strong>Dommages subis<\/strong><\/h3>\n<p>Troostwijk-Roux Expertises travaille pour les particuliers, les entreprises et le secteur public. Gr\u00e2ce \u00e0 nos connaissances et \u00e0 notre exp\u00e9rience, nous avons toujours une r\u00e9ponse \u00e0 votre question.[\/vc_column_text]<div class=\"vcex-module vcex-divider vcex-divider-solid vcex-divider-center wpex-mx-auto wpex-max-w-100 wpex-block wpex-h-0 wpex-border-b wpex-border-solid wpex-border-main\" style=\"width:100%;margin-block:20px;border-color:#f4f4f4;\"><\/div>[vc_column_text]\n[\/vc_column_text][\/vc_column][\/vc_row]\n<\/div>","protected":false},"excerpt":{"rendered":"<p>[vc_row][vc_column][vc_custom_heading text=\u00a0\u00bb\u00c0 propos de Troostwijk Roux Claims\u00a0\u00bb font_container=\u00a0\u00bbtag:h2|font_size:40|text_align:left\u00a0\u00bb use_theme_fonts=\u00a0\u00bbyes\u00a0\u00bb][vc_column_text font_size=\u00a0\u00bb20&Prime;]\u00c0 propos des \u00e9valuations de dommages de Troostwijk-Roux. Troostwijk-Roux Expertises est un expert de sinistres, ind\u00e9pendant de premier plan en Belgique, qui op\u00e8re exclusivement en tant qu&rsquo;expert priv\u00e9, c&rsquo;est-\u00e0-dire exclusivement pour le compte du sinistr\u00e9.[\/vc_column_text][vc_column_text] Le bon choix d\u2019expert Tant en cas de dommages mat\u00e9riels, \u00a0b\u00e2timents,&hellip;<\/p>\n","protected":false},"author":1,"featured_media":0,"parent":0,"menu_order":0,"comment_status":"closed","ping_status":"closed","template":"templates\/right-sidebar.php","meta":{"_acf_changed":false,"footnotes":""},"class_list":["post-4827","page","type-page","status-publish","hentry","entry","no-media"],"acf":[],"yoast_head":"<!-- This site is optimized with the Yoast SEO plugin v26.8 - https:\/\/yoast.com\/product\/yoast-seo-wordpress\/ -->\n<title>Expertise apr\u00e8s sinistre | Troostwijk Roux Expertises<\/title>\n<meta name=\"description\" content=\"Notre d\u00e9partement expertise apr\u00e8s sinistre est enti\u00e8rement \u00e0 vos c\u00f4t\u00e9s, ce qui signifie que nos experts n\u00e9gocient en votre nom et avec vous.\" \/>\n<meta name=\"robots\" content=\"index, follow, max-snippet:-1, max-image-preview:large, max-video-preview:-1\" \/>\n<link rel=\"canonical\" href=\"https:\/\/www.trex.be\/fr\/expertise-apres-sinistre\/\" \/>\n<meta property=\"og:locale\" content=\"fr_FR\" \/>\n<meta property=\"og:type\" content=\"article\" \/>\n<meta property=\"og:title\" content=\"Expertise apr\u00e8s sinistre | Troostwijk Roux Expertises\" \/>\n<meta property=\"og:description\" content=\"Notre d\u00e9partement expertise apr\u00e8s sinistre est enti\u00e8rement \u00e0 vos c\u00f4t\u00e9s, ce qui signifie que nos experts n\u00e9gocient en votre nom et avec vous.\" \/>\n<meta property=\"og:url\" content=\"https:\/\/www.trex.be\/fr\/expertise-apres-sinistre\/\" \/>\n<meta property=\"og:site_name\" content=\"Troostwijk Roux\" \/>\n<meta property=\"article:modified_time\" content=\"2021-11-05T13:35:52+00:00\" \/>\n<meta name=\"twitter:card\" content=\"summary_large_image\" \/>\n<meta name=\"twitter:label1\" content=\"Dur\u00e9e de lecture estim\u00e9e\" \/>\n\t<meta name=\"twitter:data1\" content=\"1 minute\" \/>\n<script type=\"application\/ld+json\" class=\"yoast-schema-graph\">{\"@context\":\"https:\/\/schema.org\",\"@graph\":[{\"@type\":\"WebPage\",\"@id\":\"https:\/\/www.trex.be\/fr\/expertise-apres-sinistre\/\",\"url\":\"https:\/\/www.trex.be\/fr\/expertise-apres-sinistre\/\",\"name\":\"Expertise apr\u00e8s sinistre | Troostwijk Roux Expertises\",\"isPartOf\":{\"@id\":\"https:\/\/www.trex.be\/#website\"},\"datePublished\":\"2020-09-30T15:05:07+00:00\",\"dateModified\":\"2021-11-05T13:35:52+00:00\",\"description\":\"Notre d\u00e9partement expertise apr\u00e8s sinistre est enti\u00e8rement \u00e0 vos c\u00f4t\u00e9s, ce qui signifie que nos experts n\u00e9gocient en votre nom et avec vous.\",\"breadcrumb\":{\"@id\":\"https:\/\/www.trex.be\/fr\/expertise-apres-sinistre\/#breadcrumb\"},\"inLanguage\":\"fr-FR\",\"potentialAction\":[{\"@type\":\"ReadAction\",\"target\":[\"https:\/\/www.trex.be\/fr\/expertise-apres-sinistre\/\"]}]},{\"@type\":\"BreadcrumbList\",\"@id\":\"https:\/\/www.trex.be\/fr\/expertise-apres-sinistre\/#breadcrumb\",\"itemListElement\":[{\"@type\":\"ListItem\",\"position\":1,\"name\":\"Home\",\"item\":\"https:\/\/www.trex.be\/fr\/\"},{\"@type\":\"ListItem\",\"position\":2,\"name\":\"Expertise apr\u00e8s sinistre\"}]},{\"@type\":\"WebSite\",\"@id\":\"https:\/\/www.trex.be\/#website\",\"url\":\"https:\/\/www.trex.be\/\",\"name\":\"Troostwijk Roux\",\"description\":\"\",\"publisher\":{\"@id\":\"https:\/\/www.trex.be\/#organization\"},\"potentialAction\":[{\"@type\":\"SearchAction\",\"target\":{\"@type\":\"EntryPoint\",\"urlTemplate\":\"https:\/\/www.trex.be\/?s={search_term_string}\"},\"query-input\":{\"@type\":\"PropertyValueSpecification\",\"valueRequired\":true,\"valueName\":\"search_term_string\"}}],\"inLanguage\":\"fr-FR\"},{\"@type\":\"Organization\",\"@id\":\"https:\/\/www.trex.be\/#organization\",\"name\":\"Troostwijk\",\"url\":\"https:\/\/www.trex.be\/\",\"logo\":{\"@type\":\"ImageObject\",\"inLanguage\":\"fr-FR\",\"@id\":\"https:\/\/www.trex.be\/#\/schema\/logo\/image\/\",\"url\":\"https:\/\/trex.be\/wp-content\/uploads\/sites\/5\/2020\/12\/troostwijk-logo.png\",\"contentUrl\":\"https:\/\/trex.be\/wp-content\/uploads\/sites\/5\/2020\/12\/troostwijk-logo.png\",\"width\":188,\"height\":55,\"caption\":\"Troostwijk\"},\"image\":{\"@id\":\"https:\/\/www.trex.be\/#\/schema\/logo\/image\/\"}}]}<\/script>\n<!-- \/ Yoast SEO plugin. -->","yoast_head_json":{"title":"Expertise apr\u00e8s sinistre | Troostwijk Roux Expertises","description":"Notre d\u00e9partement expertise apr\u00e8s sinistre est enti\u00e8rement \u00e0 vos c\u00f4t\u00e9s, ce qui signifie que nos experts n\u00e9gocient en votre nom et avec vous.","robots":{"index":"index","follow":"follow","max-snippet":"max-snippet:-1","max-image-preview":"max-image-preview:large","max-video-preview":"max-video-preview:-1"},"canonical":"https:\/\/www.trex.be\/fr\/expertise-apres-sinistre\/","og_locale":"fr_FR","og_type":"article","og_title":"Expertise apr\u00e8s sinistre | Troostwijk Roux Expertises","og_description":"Notre d\u00e9partement expertise apr\u00e8s sinistre est enti\u00e8rement \u00e0 vos c\u00f4t\u00e9s, ce qui signifie que nos experts n\u00e9gocient en votre nom et avec vous.","og_url":"https:\/\/www.trex.be\/fr\/expertise-apres-sinistre\/","og_site_name":"Troostwijk Roux","article_modified_time":"2021-11-05T13:35:52+00:00","twitter_card":"summary_large_image","twitter_misc":{"Dur\u00e9e de lecture estim\u00e9e":"1 minute"},"schema":{"@context":"https:\/\/schema.org","@graph":[{"@type":"WebPage","@id":"https:\/\/www.trex.be\/fr\/expertise-apres-sinistre\/","url":"https:\/\/www.trex.be\/fr\/expertise-apres-sinistre\/","name":"Expertise apr\u00e8s sinistre | Troostwijk Roux Expertises","isPartOf":{"@id":"https:\/\/www.trex.be\/#website"},"datePublished":"2020-09-30T15:05:07+00:00","dateModified":"2021-11-05T13:35:52+00:00","description":"Notre d\u00e9partement expertise apr\u00e8s sinistre est enti\u00e8rement \u00e0 vos c\u00f4t\u00e9s, ce qui signifie que nos experts n\u00e9gocient en votre nom et avec vous.","breadcrumb":{"@id":"https:\/\/www.trex.be\/fr\/expertise-apres-sinistre\/#breadcrumb"},"inLanguage":"fr-FR","potentialAction":[{"@type":"ReadAction","target":["https:\/\/www.trex.be\/fr\/expertise-apres-sinistre\/"]}]},{"@type":"BreadcrumbList","@id":"https:\/\/www.trex.be\/fr\/expertise-apres-sinistre\/#breadcrumb","itemListElement":[{"@type":"ListItem","position":1,"name":"Home","item":"https:\/\/www.trex.be\/fr\/"},{"@type":"ListItem","position":2,"name":"Expertise apr\u00e8s sinistre"}]},{"@type":"WebSite","@id":"https:\/\/www.trex.be\/#website","url":"https:\/\/www.trex.be\/","name":"Troostwijk Roux","description":"","publisher":{"@id":"https:\/\/www.trex.be\/#organization"},"potentialAction":[{"@type":"SearchAction","target":{"@type":"EntryPoint","urlTemplate":"https:\/\/www.trex.be\/?s={search_term_string}"},"query-input":{"@type":"PropertyValueSpecification","valueRequired":true,"valueName":"search_term_string"}}],"inLanguage":"fr-FR"},{"@type":"Organization","@id":"https:\/\/www.trex.be\/#organization","name":"Troostwijk","url":"https:\/\/www.trex.be\/","logo":{"@type":"ImageObject","inLanguage":"fr-FR","@id":"https:\/\/www.trex.be\/#\/schema\/logo\/image\/","url":"https:\/\/trex.be\/wp-content\/uploads\/sites\/5\/2020\/12\/troostwijk-logo.png","contentUrl":"https:\/\/trex.be\/wp-content\/uploads\/sites\/5\/2020\/12\/troostwijk-logo.png","width":188,"height":55,"caption":"Troostwijk"},"image":{"@id":"https:\/\/www.trex.be\/#\/schema\/logo\/image\/"}}]}},"_links":{"self":[{"href":"https:\/\/www.trex.be\/fr\/wp-json\/wp\/v2\/pages\/4827","targetHints":{"allow":["GET"]}}],"collection":[{"href":"https:\/\/www.trex.be\/fr\/wp-json\/wp\/v2\/pages"}],"about":[{"href":"https:\/\/www.trex.be\/fr\/wp-json\/wp\/v2\/types\/page"}],"author":[{"embeddable":true,"href":"https:\/\/www.trex.be\/fr\/wp-json\/wp\/v2\/users\/1"}],"replies":[{"embeddable":true,"href":"https:\/\/www.trex.be\/fr\/wp-json\/wp\/v2\/comments?post=4827"}],"version-history":[{"count":10,"href":"https:\/\/www.trex.be\/fr\/wp-json\/wp\/v2\/pages\/4827\/revisions"}],"predecessor-version":[{"id":6737,"href":"https:\/\/www.trex.be\/fr\/wp-json\/wp\/v2\/pages\/4827\/revisions\/6737"}],"wp:attachment":[{"href":"https:\/\/www.trex.be\/fr\/wp-json\/wp\/v2\/media?parent=4827"}],"curies":[{"name":"wp","href":"https:\/\/api.w.org\/{rel}","templated":true}]}}