{"id":5561,"date":"2020-11-09T13:14:42","date_gmt":"2020-11-09T13:14:42","guid":{"rendered":"https:\/\/www.trex.be\/?page_id=5561"},"modified":"2022-06-09T14:18:54","modified_gmt":"2022-06-09T14:18:54","slug":"evaluation-des-pertes-dexploitation","status":"publish","type":"page","link":"https:\/\/www.trex.be\/fr\/consultancy\/evaluation-des-pertes-dexploitation\/","title":{"rendered":"\u00c9valuation des pertes d&rsquo;exploitation"},"content":{"rendered":"<div class=\"wpb-content-wrapper\">[vc_row][vc_column][vc_custom_heading text=\u00a0\u00bbQuel montant doit \u00eatre assur\u00e9 dans l&rsquo;\u00e9valuation des pertes d&rsquo;exploitation?\u00a0\u00bb font_container=\u00a0\u00bbtag:h2|font_size:40|text_align:left\u00a0\u00bb use_theme_fonts=\u00a0\u00bbyes\u00a0\u00bb][vc_column_text font_size=\u00a0\u00bb20&Prime;]Troostwijk-Roux Expertises s&rsquo;est construit une solide r\u00e9putation d&rsquo;expert en mati\u00e8re de pertes d\u2019exploitation. Troostwijk-Roux Expertises intervient en tant qu&rsquo;expert dans 90% des Major Claims en Belgique.<\/p>\n<p>Gr\u00e2ce \u00e0 cette exp\u00e9rience unique, Troostwijk-Roux Expertises propose de mani\u00e8re proactive aux entreprises et aux courtiers pour la valorisation du capital \u00e0 assurer.[\/vc_column_text]<div class=\"vcex-module vcex-divider vcex-divider-solid vcex-divider-center wpex-mx-auto wpex-max-w-100 wpex-block wpex-h-0 wpex-border-b wpex-border-solid wpex-border-main\" style=\"width:100%;margin-block:20px;border-bottom-width:1px;border-color:#f4f4f4;\"><\/div>[\/vc_column][\/vc_row][vc_row css=\u00a0\u00bb.vc_custom_1603351948953{padding-top: 10px !important;}\u00a0\u00bb][vc_column]<style>.vcex-heading.vcex_69f2447463c9c{font-size:40px;font-weight:700;}.vcex-heading.vcex_69f2447463c9c .vcex-heading-icon{color:#0093d0;}<\/style><h2 class=\"vcex-heading vcex-heading-plain vcex-module wpex-heading wpex-text-2xl vcex_69f2447463c9c\"><span class=\"vcex-heading-inner wpex-inline-block\"><span class=\"vcex-heading-icon vcex-heading-icon-left vcex-icon-wrap wpex-mr-15\"><span aria-hidden=\"true\" class=\"far fa-question-circle\"><\/span><\/span>Pourquoi?<\/span><\/h2>[vc_column_text]\n<h3>Tous les aspects<\/h3>\n<p>La sous-assurance est un probl\u00e8me majeur dans le domaine des pertes d&rsquo;exploitation. Une grande majorit\u00e9 des entreprises sont insuffisamment assur\u00e9es, ce qui est pr\u00e9judiciable en cas de sinistre. Un rapport de pertes d\u2019exploitation r\u00e9dig\u00e9 par un expert offre une certitude \u00e0 l&rsquo;assur\u00e9 et \u00e0 l&rsquo;assureur.[\/vc_column_text]<div class=\"vcex-module vcex-divider vcex-divider-solid vcex-divider-center wpex-mx-auto wpex-max-w-100 wpex-block wpex-h-0 wpex-border-b wpex-border-solid wpex-border-main\" style=\"width:100%;margin-block:20px;border-bottom-width:1px;border-color:#f4f4f4;\"><\/div>[\/vc_column][\/vc_row][vc_row css=\u00a0\u00bb.vc_custom_1603351956029{padding-top: 10px !important;}\u00a0\u00bb][vc_column]<style>.vcex-heading.vcex_69f2447464c8a{font-size:40px;font-weight:700;}.vcex-heading.vcex_69f2447464c8a .vcex-heading-icon{color:#0093d0;}<\/style><h2 class=\"vcex-heading vcex-heading-plain vcex-module wpex-heading wpex-text-2xl vcex_69f2447464c8a\"><span class=\"vcex-heading-inner wpex-inline-block\"><span class=\"vcex-heading-icon vcex-heading-icon-left vcex-icon-wrap wpex-mr-15\"><span aria-hidden=\"true\" class=\"far fa-check-square\"><\/span><\/span>Avantages<\/span><\/h2>[vc_column_text]\n<h3>Ind\u00e9pendant et objectif<\/h3>\n<p>Troostwijk-Roux Expertises est le leader du march\u00e9 des \u00e9valuations pour toutes entreprises et institutions diverses. En tant qu&rsquo;expert ind\u00e9pendant et objectif, nos \u00e9valuations sont accept\u00e9es par les assureurs et les r\u00e9assureurs.<\/p>\n<h3>Un partenaire fiable<\/h3>\n<p><strong>\u00a0<\/strong>Vous avez la certitude que l&rsquo;\u00e9valuation de la perte d\u2019exploitation de \u00a0votre entreprise est dans de bonnes mains avec un partenaire fiable et reconnu.<\/p>\n<h3>Questions complexes<\/h3>\n<p>Nos sp\u00e9cialistes ont les connaissances, l&rsquo;expertise et la formation n\u00e9cessaires pour traiter les questions d&rsquo;\u00e9valuations complexes. Les entreprises ont l&rsquo;avantage suppl\u00e9mentaire de disposer d&rsquo;un point de contact unique pour les missions transfrontali\u00e8res.<\/p>\n<h3>Sp\u00e9cialisation<\/h3>\n<p>Aucun autre cabinet d\u2019expertise ne poss\u00e8de les connaissances et le savoir-faire en mati\u00e8re de pertes d\u2019exploitation. Troostwijk-Roux Expertises fournit des publications et des cours de formation reconnus par la FSMA.[\/vc_column_text]<div class=\"vcex-module vcex-divider vcex-divider-solid vcex-divider-center wpex-mx-auto wpex-max-w-100 wpex-block wpex-h-0 wpex-border-b wpex-border-solid wpex-border-main\" style=\"width:100%;margin-block:20px;border-bottom-width:1px;border-color:#f4f4f4;\"><\/div>[\/vc_column][\/vc_row][vc_row css=\u00a0\u00bb.vc_custom_1603351956029{padding-top: 10px !important;}\u00a0\u00bb][vc_column]<style>.vcex-heading.vcex_69f2447465a39{font-size:40px;font-weight:700;}.vcex-heading.vcex_69f2447465a39 .vcex-heading-icon{color:#0093d0;}<\/style><h2 class=\"vcex-heading vcex-heading-plain vcex-module wpex-heading wpex-text-2xl vcex_69f2447465a39\"><span class=\"vcex-heading-inner wpex-inline-block\"><span class=\"vcex-heading-icon vcex-heading-icon-left vcex-icon-wrap wpex-mr-15\"><span aria-hidden=\"true\" class=\"far fa-compass\"><\/span><\/span>Notre approche<\/span><\/h2>[vc_column_text]\n<h3>Mission<\/h3>\n<p>Apr\u00e8s avoir d\u00e9termin\u00e9 l&rsquo;objectif et la forme de rapport d&rsquo;une mission, le budget ainsi que la \u00a0\u00a0p\u00e9riode d&rsquo;ex\u00e9cution est d\u00e9termin\u00e9e. Apr\u00e8s l&rsquo;approbation du client, le processus est lanc\u00e9.<\/p>\n<h3>Sur mesure<\/h3>\n<p>Notre mission s\u2019\u00e9ffectue sur base de vos demandes sp\u00e9cifiques et des informations confidentielles qui l&rsquo;accompagnent. Nous agissons en tant qu&rsquo;expert consultatif et ind\u00e9pendant.[\/vc_column_text]<div class=\"vcex-module vcex-divider vcex-divider-solid vcex-divider-center wpex-mx-auto wpex-max-w-100 wpex-block wpex-h-0 wpex-border-b wpex-border-solid wpex-border-main\" style=\"width:100%;margin-block:20px;border-color:#f4f4f4;\"><\/div>[\/vc_column][\/vc_row]\n<\/div>","protected":false},"excerpt":{"rendered":"<p>[vc_row][vc_column][vc_custom_heading text=\u00a0\u00bbQuel montant doit \u00eatre assur\u00e9 dans l&rsquo;\u00e9valuation des pertes d&rsquo;exploitation?\u00a0\u00bb font_container=\u00a0\u00bbtag:h2|font_size:40|text_align:left\u00a0\u00bb use_theme_fonts=\u00a0\u00bbyes\u00a0\u00bb][vc_column_text font_size=\u00a0\u00bb20&Prime;]Troostwijk-Roux Expertises s&rsquo;est construit une solide r\u00e9putation d&rsquo;expert en mati\u00e8re de pertes d\u2019exploitation. Troostwijk-Roux Expertises intervient en tant qu&rsquo;expert dans 90% des Major Claims en Belgique. Gr\u00e2ce \u00e0 cette exp\u00e9rience unique, Troostwijk-Roux Expertises propose de mani\u00e8re proactive aux entreprises et aux courtiers&hellip;<\/p>\n","protected":false},"author":2,"featured_media":4620,"parent":4822,"menu_order":0,"comment_status":"closed","ping_status":"closed","template":"templates\/right-sidebar.php","meta":{"_acf_changed":false,"footnotes":""},"class_list":["post-5561","page","type-page","status-publish","has-post-thumbnail","hentry","entry","has-media"],"acf":[],"yoast_head":"<!-- This site is optimized with the Yoast SEO plugin v26.8 - https:\/\/yoast.com\/product\/yoast-seo-wordpress\/ -->\n<title>\u00c9valuation des pertes d&#039;exploitation | Troostwijk Roux Expertises<\/title>\n<meta name=\"description\" content=\"Nous sommes des experts dans le domaine de l&#039;\u00e9valuation des pertes d&#039;exploitation. Troostwijk-Roux est impliqu\u00e9 comme expert dans 90% des sinistres majeurs en Belgique.\" \/>\n<meta name=\"robots\" content=\"index, follow, max-snippet:-1, max-image-preview:large, max-video-preview:-1\" \/>\n<link rel=\"canonical\" href=\"https:\/\/www.trex.be\/consultancy\/business-interruption-valuation\/\" \/>\n<meta property=\"og:locale\" content=\"fr_FR\" \/>\n<meta property=\"og:type\" content=\"article\" \/>\n<meta property=\"og:title\" content=\"\u00c9valuation des pertes d&#039;exploitation | Troostwijk Roux Expertises\" \/>\n<meta property=\"og:description\" content=\"Nous sommes des experts dans le domaine de l&#039;\u00e9valuation des pertes d&#039;exploitation. Troostwijk-Roux est impliqu\u00e9 comme expert dans 90% des sinistres majeurs en Belgique.\" \/>\n<meta property=\"og:url\" content=\"https:\/\/www.trex.be\/consultancy\/business-interruption-valuation\/\" \/>\n<meta property=\"og:site_name\" content=\"Troostwijk Roux\" \/>\n<meta property=\"article:modified_time\" content=\"2022-06-09T14:18:54+00:00\" \/>\n<meta property=\"og:image\" content=\"https:\/\/www.trex.be\/wp-content\/uploads\/sites\/5\/2020\/11\/tijdelijk-icoontje-optie-5-2.png\" \/>\n\t<meta property=\"og:image:width\" content=\"568\" \/>\n\t<meta property=\"og:image:height\" content=\"650\" \/>\n\t<meta property=\"og:image:type\" content=\"image\/png\" \/>\n<meta name=\"twitter:card\" content=\"summary_large_image\" \/>\n<meta name=\"twitter:label1\" content=\"Dur\u00e9e de lecture estim\u00e9e\" \/>\n\t<meta name=\"twitter:data1\" content=\"2 minutes\" \/>\n<script type=\"application\/ld+json\" class=\"yoast-schema-graph\">{\"@context\":\"https:\/\/schema.org\",\"@graph\":[{\"@type\":\"WebPage\",\"@id\":\"https:\/\/www.trex.be\/consultancy\/business-interruption-valuation\/\",\"url\":\"https:\/\/www.trex.be\/consultancy\/business-interruption-valuation\/\",\"name\":\"\u00c9valuation des pertes d'exploitation | Troostwijk Roux Expertises\",\"isPartOf\":{\"@id\":\"https:\/\/www.trex.be\/#website\"},\"primaryImageOfPage\":{\"@id\":\"https:\/\/www.trex.be\/consultancy\/business-interruption-valuation\/#primaryimage\"},\"image\":{\"@id\":\"https:\/\/www.trex.be\/consultancy\/business-interruption-valuation\/#primaryimage\"},\"thumbnailUrl\":\"https:\/\/www.trex.be\/wp-content\/uploads\/sites\/5\/2020\/11\/tijdelijk-icoontje-optie-5-2.png\",\"datePublished\":\"2020-11-09T13:14:42+00:00\",\"dateModified\":\"2022-06-09T14:18:54+00:00\",\"description\":\"Nous sommes des experts dans le domaine de l'\u00e9valuation des pertes d'exploitation. Troostwijk-Roux est impliqu\u00e9 comme expert dans 90% des sinistres majeurs en Belgique.\",\"breadcrumb\":{\"@id\":\"https:\/\/www.trex.be\/consultancy\/business-interruption-valuation\/#breadcrumb\"},\"inLanguage\":\"fr-FR\",\"potentialAction\":[{\"@type\":\"ReadAction\",\"target\":[\"https:\/\/www.trex.be\/consultancy\/business-interruption-valuation\/\"]}]},{\"@type\":\"ImageObject\",\"inLanguage\":\"fr-FR\",\"@id\":\"https:\/\/www.trex.be\/consultancy\/business-interruption-valuation\/#primaryimage\",\"url\":\"https:\/\/www.trex.be\/wp-content\/uploads\/sites\/5\/2020\/11\/tijdelijk-icoontje-optie-5-2.png\",\"contentUrl\":\"https:\/\/www.trex.be\/wp-content\/uploads\/sites\/5\/2020\/11\/tijdelijk-icoontje-optie-5-2.png\",\"width\":568,\"height\":650},{\"@type\":\"BreadcrumbList\",\"@id\":\"https:\/\/www.trex.be\/consultancy\/business-interruption-valuation\/#breadcrumb\",\"itemListElement\":[{\"@type\":\"ListItem\",\"position\":1,\"name\":\"Home\",\"item\":\"https:\/\/www.trex.be\/fr\/\"},{\"@type\":\"ListItem\",\"position\":2,\"name\":\"Consultancy\",\"item\":\"https:\/\/www.trex.be\/consultancy\/\"},{\"@type\":\"ListItem\",\"position\":3,\"name\":\"\u00c9valuation des pertes d&#8217;exploitation\"}]},{\"@type\":\"WebSite\",\"@id\":\"https:\/\/www.trex.be\/#website\",\"url\":\"https:\/\/www.trex.be\/\",\"name\":\"Troostwijk Roux\",\"description\":\"\",\"publisher\":{\"@id\":\"https:\/\/www.trex.be\/#organization\"},\"potentialAction\":[{\"@type\":\"SearchAction\",\"target\":{\"@type\":\"EntryPoint\",\"urlTemplate\":\"https:\/\/www.trex.be\/?s={search_term_string}\"},\"query-input\":{\"@type\":\"PropertyValueSpecification\",\"valueRequired\":true,\"valueName\":\"search_term_string\"}}],\"inLanguage\":\"fr-FR\"},{\"@type\":\"Organization\",\"@id\":\"https:\/\/www.trex.be\/#organization\",\"name\":\"Troostwijk\",\"url\":\"https:\/\/www.trex.be\/\",\"logo\":{\"@type\":\"ImageObject\",\"inLanguage\":\"fr-FR\",\"@id\":\"https:\/\/www.trex.be\/#\/schema\/logo\/image\/\",\"url\":\"https:\/\/trex.be\/wp-content\/uploads\/sites\/5\/2020\/12\/troostwijk-logo.png\",\"contentUrl\":\"https:\/\/trex.be\/wp-content\/uploads\/sites\/5\/2020\/12\/troostwijk-logo.png\",\"width\":188,\"height\":55,\"caption\":\"Troostwijk\"},\"image\":{\"@id\":\"https:\/\/www.trex.be\/#\/schema\/logo\/image\/\"}}]}<\/script>\n<!-- \/ Yoast SEO plugin. -->","yoast_head_json":{"title":"\u00c9valuation des pertes d'exploitation | Troostwijk Roux Expertises","description":"Nous sommes des experts dans le domaine de l'\u00e9valuation des pertes d'exploitation. Troostwijk-Roux est impliqu\u00e9 comme expert dans 90% des sinistres majeurs en Belgique.","robots":{"index":"index","follow":"follow","max-snippet":"max-snippet:-1","max-image-preview":"max-image-preview:large","max-video-preview":"max-video-preview:-1"},"canonical":"https:\/\/www.trex.be\/consultancy\/business-interruption-valuation\/","og_locale":"fr_FR","og_type":"article","og_title":"\u00c9valuation des pertes d'exploitation | Troostwijk Roux Expertises","og_description":"Nous sommes des experts dans le domaine de l'\u00e9valuation des pertes d'exploitation. Troostwijk-Roux est impliqu\u00e9 comme expert dans 90% des sinistres majeurs en Belgique.","og_url":"https:\/\/www.trex.be\/consultancy\/business-interruption-valuation\/","og_site_name":"Troostwijk Roux","article_modified_time":"2022-06-09T14:18:54+00:00","og_image":[{"width":568,"height":650,"url":"https:\/\/www.trex.be\/wp-content\/uploads\/sites\/5\/2020\/11\/tijdelijk-icoontje-optie-5-2.png","type":"image\/png"}],"twitter_card":"summary_large_image","twitter_misc":{"Dur\u00e9e de lecture estim\u00e9e":"2 minutes"},"schema":{"@context":"https:\/\/schema.org","@graph":[{"@type":"WebPage","@id":"https:\/\/www.trex.be\/consultancy\/business-interruption-valuation\/","url":"https:\/\/www.trex.be\/consultancy\/business-interruption-valuation\/","name":"\u00c9valuation des pertes d'exploitation | Troostwijk Roux Expertises","isPartOf":{"@id":"https:\/\/www.trex.be\/#website"},"primaryImageOfPage":{"@id":"https:\/\/www.trex.be\/consultancy\/business-interruption-valuation\/#primaryimage"},"image":{"@id":"https:\/\/www.trex.be\/consultancy\/business-interruption-valuation\/#primaryimage"},"thumbnailUrl":"https:\/\/www.trex.be\/wp-content\/uploads\/sites\/5\/2020\/11\/tijdelijk-icoontje-optie-5-2.png","datePublished":"2020-11-09T13:14:42+00:00","dateModified":"2022-06-09T14:18:54+00:00","description":"Nous sommes des experts dans le domaine de l'\u00e9valuation des pertes d'exploitation. Troostwijk-Roux est impliqu\u00e9 comme expert dans 90% des sinistres majeurs en Belgique.","breadcrumb":{"@id":"https:\/\/www.trex.be\/consultancy\/business-interruption-valuation\/#breadcrumb"},"inLanguage":"fr-FR","potentialAction":[{"@type":"ReadAction","target":["https:\/\/www.trex.be\/consultancy\/business-interruption-valuation\/"]}]},{"@type":"ImageObject","inLanguage":"fr-FR","@id":"https:\/\/www.trex.be\/consultancy\/business-interruption-valuation\/#primaryimage","url":"https:\/\/www.trex.be\/wp-content\/uploads\/sites\/5\/2020\/11\/tijdelijk-icoontje-optie-5-2.png","contentUrl":"https:\/\/www.trex.be\/wp-content\/uploads\/sites\/5\/2020\/11\/tijdelijk-icoontje-optie-5-2.png","width":568,"height":650},{"@type":"BreadcrumbList","@id":"https:\/\/www.trex.be\/consultancy\/business-interruption-valuation\/#breadcrumb","itemListElement":[{"@type":"ListItem","position":1,"name":"Home","item":"https:\/\/www.trex.be\/fr\/"},{"@type":"ListItem","position":2,"name":"Consultancy","item":"https:\/\/www.trex.be\/consultancy\/"},{"@type":"ListItem","position":3,"name":"\u00c9valuation des pertes d&#8217;exploitation"}]},{"@type":"WebSite","@id":"https:\/\/www.trex.be\/#website","url":"https:\/\/www.trex.be\/","name":"Troostwijk Roux","description":"","publisher":{"@id":"https:\/\/www.trex.be\/#organization"},"potentialAction":[{"@type":"SearchAction","target":{"@type":"EntryPoint","urlTemplate":"https:\/\/www.trex.be\/?s={search_term_string}"},"query-input":{"@type":"PropertyValueSpecification","valueRequired":true,"valueName":"search_term_string"}}],"inLanguage":"fr-FR"},{"@type":"Organization","@id":"https:\/\/www.trex.be\/#organization","name":"Troostwijk","url":"https:\/\/www.trex.be\/","logo":{"@type":"ImageObject","inLanguage":"fr-FR","@id":"https:\/\/www.trex.be\/#\/schema\/logo\/image\/","url":"https:\/\/trex.be\/wp-content\/uploads\/sites\/5\/2020\/12\/troostwijk-logo.png","contentUrl":"https:\/\/trex.be\/wp-content\/uploads\/sites\/5\/2020\/12\/troostwijk-logo.png","width":188,"height":55,"caption":"Troostwijk"},"image":{"@id":"https:\/\/www.trex.be\/#\/schema\/logo\/image\/"}}]}},"_links":{"self":[{"href":"https:\/\/www.trex.be\/fr\/wp-json\/wp\/v2\/pages\/5561","targetHints":{"allow":["GET"]}}],"collection":[{"href":"https:\/\/www.trex.be\/fr\/wp-json\/wp\/v2\/pages"}],"about":[{"href":"https:\/\/www.trex.be\/fr\/wp-json\/wp\/v2\/types\/page"}],"author":[{"embeddable":true,"href":"https:\/\/www.trex.be\/fr\/wp-json\/wp\/v2\/users\/2"}],"replies":[{"embeddable":true,"href":"https:\/\/www.trex.be\/fr\/wp-json\/wp\/v2\/comments?post=5561"}],"version-history":[{"count":9,"href":"https:\/\/www.trex.be\/fr\/wp-json\/wp\/v2\/pages\/5561\/revisions"}],"predecessor-version":[{"id":6524,"href":"https:\/\/www.trex.be\/fr\/wp-json\/wp\/v2\/pages\/5561\/revisions\/6524"}],"up":[{"embeddable":true,"href":"https:\/\/www.trex.be\/fr\/wp-json\/wp\/v2\/pages\/4822"}],"wp:featuredmedia":[{"embeddable":true,"href":"https:\/\/www.trex.be\/fr\/wp-json\/wp\/v2\/media\/4620"}],"wp:attachment":[{"href":"https:\/\/www.trex.be\/fr\/wp-json\/wp\/v2\/media?parent=5561"}],"curies":[{"name":"wp","href":"https:\/\/api.w.org\/{rel}","templated":true}]}}