{"id":5951,"date":"2020-10-06T09:50:41","date_gmt":"2020-10-06T09:50:41","guid":{"rendered":"https:\/\/www.trex.be\/sur-ons\/over-troostwijk-2\/"},"modified":"2021-11-02T10:01:41","modified_gmt":"2021-11-02T10:01:41","slug":"a-propos-de-troostwijk-roux","status":"publish","type":"page","link":"https:\/\/www.trex.be\/fr\/a-propos-de-nous\/a-propos-de-troostwijk-roux\/","title":{"rendered":"\u00c0 propos de Troostwijk-Roux"},"content":{"rendered":"","protected":false},"excerpt":{"rendered":"","protected":false},"author":1,"featured_media":4620,"parent":4797,"menu_order":0,"comment_status":"closed","ping_status":"closed","template":"","meta":{"_acf_changed":false,"footnotes":""},"class_list":["post-5951","page","type-page","status-publish","has-post-thumbnail","hentry","entry","has-media"],"acf":[],"yoast_head":"<!-- This site is optimized with the Yoast SEO plugin v26.8 - https:\/\/yoast.com\/product\/yoast-seo-wordpress\/ -->\n<title>\u00c0 propos de Troostwijk-Roux | Troostwijk Roux Expertises<\/title>\n<meta name=\"description\" content=\"Depuis 40 ans, Troostwijk-Roux Expertises est leader dans le domaine de l&#039;expertise, de l&#039;\u00e9valuation des dommages et du conseil en Belgique et \u00e0 l&#039;\u00e9tranger.\" \/>\n<meta name=\"robots\" content=\"index, follow, max-snippet:-1, max-image-preview:large, max-video-preview:-1\" \/>\n<link rel=\"canonical\" href=\"https:\/\/www.trex.be\/fr\/a-propos-de-nous\/a-propos-de-troostwijk-roux\/\" \/>\n<meta property=\"og:locale\" content=\"fr_FR\" \/>\n<meta property=\"og:type\" content=\"article\" \/>\n<meta property=\"og:title\" content=\"\u00c0 propos de Troostwijk-Roux | Troostwijk Roux Expertises\" \/>\n<meta property=\"og:description\" content=\"Depuis 40 ans, Troostwijk-Roux Expertises est leader dans le domaine de l&#039;expertise, de l&#039;\u00e9valuation des dommages et du conseil en Belgique et \u00e0 l&#039;\u00e9tranger.\" \/>\n<meta property=\"og:url\" content=\"https:\/\/www.trex.be\/fr\/a-propos-de-nous\/a-propos-de-troostwijk-roux\/\" \/>\n<meta property=\"og:site_name\" content=\"Troostwijk Roux\" \/>\n<meta property=\"article:modified_time\" content=\"2021-11-02T10:01:41+00:00\" \/>\n<meta property=\"og:image\" content=\"https:\/\/www.trex.be\/wp-content\/uploads\/sites\/5\/2020\/11\/tijdelijk-icoontje-optie-5-2.png\" \/>\n\t<meta property=\"og:image:width\" content=\"568\" \/>\n\t<meta property=\"og:image:height\" content=\"650\" \/>\n\t<meta property=\"og:image:type\" content=\"image\/png\" \/>\n<meta name=\"twitter:card\" content=\"summary_large_image\" \/>\n<script type=\"application\/ld+json\" class=\"yoast-schema-graph\">{\"@context\":\"https:\/\/schema.org\",\"@graph\":[{\"@type\":\"WebPage\",\"@id\":\"https:\/\/www.trex.be\/fr\/a-propos-de-nous\/a-propos-de-troostwijk-roux\/\",\"url\":\"https:\/\/www.trex.be\/fr\/a-propos-de-nous\/a-propos-de-troostwijk-roux\/\",\"name\":\"\u00c0 propos de Troostwijk-Roux | Troostwijk Roux Expertises\",\"isPartOf\":{\"@id\":\"https:\/\/www.trex.be\/#website\"},\"primaryImageOfPage\":{\"@id\":\"https:\/\/www.trex.be\/fr\/a-propos-de-nous\/a-propos-de-troostwijk-roux\/#primaryimage\"},\"image\":{\"@id\":\"https:\/\/www.trex.be\/fr\/a-propos-de-nous\/a-propos-de-troostwijk-roux\/#primaryimage\"},\"thumbnailUrl\":\"https:\/\/www.trex.be\/wp-content\/uploads\/sites\/5\/2020\/11\/tijdelijk-icoontje-optie-5-2.png\",\"datePublished\":\"2020-10-06T09:50:41+00:00\",\"dateModified\":\"2021-11-02T10:01:41+00:00\",\"description\":\"Depuis 40 ans, Troostwijk-Roux Expertises est leader dans le domaine de l'expertise, de l'\u00e9valuation des dommages et du conseil en Belgique et \u00e0 l'\u00e9tranger.\",\"breadcrumb\":{\"@id\":\"https:\/\/www.trex.be\/fr\/a-propos-de-nous\/a-propos-de-troostwijk-roux\/#breadcrumb\"},\"inLanguage\":\"fr-FR\",\"potentialAction\":[{\"@type\":\"ReadAction\",\"target\":[\"https:\/\/www.trex.be\/fr\/a-propos-de-nous\/a-propos-de-troostwijk-roux\/\"]}]},{\"@type\":\"ImageObject\",\"inLanguage\":\"fr-FR\",\"@id\":\"https:\/\/www.trex.be\/fr\/a-propos-de-nous\/a-propos-de-troostwijk-roux\/#primaryimage\",\"url\":\"https:\/\/www.trex.be\/wp-content\/uploads\/sites\/5\/2020\/11\/tijdelijk-icoontje-optie-5-2.png\",\"contentUrl\":\"https:\/\/www.trex.be\/wp-content\/uploads\/sites\/5\/2020\/11\/tijdelijk-icoontje-optie-5-2.png\",\"width\":568,\"height\":650},{\"@type\":\"BreadcrumbList\",\"@id\":\"https:\/\/www.trex.be\/fr\/a-propos-de-nous\/a-propos-de-troostwijk-roux\/#breadcrumb\",\"itemListElement\":[{\"@type\":\"ListItem\",\"position\":1,\"name\":\"Home\",\"item\":\"https:\/\/www.trex.be\/fr\/\"},{\"@type\":\"ListItem\",\"position\":2,\"name\":\"\u00c0 propos de nous\",\"item\":\"https:\/\/www.trex.be\/fr\/a-propos-de-nous\/\"},{\"@type\":\"ListItem\",\"position\":3,\"name\":\"\u00c0 propos de Troostwijk-Roux\"}]},{\"@type\":\"WebSite\",\"@id\":\"https:\/\/www.trex.be\/#website\",\"url\":\"https:\/\/www.trex.be\/\",\"name\":\"Troostwijk Roux\",\"description\":\"\",\"publisher\":{\"@id\":\"https:\/\/www.trex.be\/#organization\"},\"potentialAction\":[{\"@type\":\"SearchAction\",\"target\":{\"@type\":\"EntryPoint\",\"urlTemplate\":\"https:\/\/www.trex.be\/?s={search_term_string}\"},\"query-input\":{\"@type\":\"PropertyValueSpecification\",\"valueRequired\":true,\"valueName\":\"search_term_string\"}}],\"inLanguage\":\"fr-FR\"},{\"@type\":\"Organization\",\"@id\":\"https:\/\/www.trex.be\/#organization\",\"name\":\"Troostwijk\",\"url\":\"https:\/\/www.trex.be\/\",\"logo\":{\"@type\":\"ImageObject\",\"inLanguage\":\"fr-FR\",\"@id\":\"https:\/\/www.trex.be\/#\/schema\/logo\/image\/\",\"url\":\"https:\/\/trex.be\/wp-content\/uploads\/sites\/5\/2020\/12\/troostwijk-logo.png\",\"contentUrl\":\"https:\/\/trex.be\/wp-content\/uploads\/sites\/5\/2020\/12\/troostwijk-logo.png\",\"width\":188,\"height\":55,\"caption\":\"Troostwijk\"},\"image\":{\"@id\":\"https:\/\/www.trex.be\/#\/schema\/logo\/image\/\"}}]}<\/script>\n<!-- \/ Yoast SEO plugin. -->","yoast_head_json":{"title":"\u00c0 propos de Troostwijk-Roux | Troostwijk Roux Expertises","description":"Depuis 40 ans, Troostwijk-Roux Expertises est leader dans le domaine de l'expertise, de l'\u00e9valuation des dommages et du conseil en Belgique et \u00e0 l'\u00e9tranger.","robots":{"index":"index","follow":"follow","max-snippet":"max-snippet:-1","max-image-preview":"max-image-preview:large","max-video-preview":"max-video-preview:-1"},"canonical":"https:\/\/www.trex.be\/fr\/a-propos-de-nous\/a-propos-de-troostwijk-roux\/","og_locale":"fr_FR","og_type":"article","og_title":"\u00c0 propos de Troostwijk-Roux | Troostwijk Roux Expertises","og_description":"Depuis 40 ans, Troostwijk-Roux Expertises est leader dans le domaine de l'expertise, de l'\u00e9valuation des dommages et du conseil en Belgique et \u00e0 l'\u00e9tranger.","og_url":"https:\/\/www.trex.be\/fr\/a-propos-de-nous\/a-propos-de-troostwijk-roux\/","og_site_name":"Troostwijk Roux","article_modified_time":"2021-11-02T10:01:41+00:00","og_image":[{"width":568,"height":650,"url":"https:\/\/www.trex.be\/wp-content\/uploads\/sites\/5\/2020\/11\/tijdelijk-icoontje-optie-5-2.png","type":"image\/png"}],"twitter_card":"summary_large_image","schema":{"@context":"https:\/\/schema.org","@graph":[{"@type":"WebPage","@id":"https:\/\/www.trex.be\/fr\/a-propos-de-nous\/a-propos-de-troostwijk-roux\/","url":"https:\/\/www.trex.be\/fr\/a-propos-de-nous\/a-propos-de-troostwijk-roux\/","name":"\u00c0 propos de Troostwijk-Roux | Troostwijk Roux Expertises","isPartOf":{"@id":"https:\/\/www.trex.be\/#website"},"primaryImageOfPage":{"@id":"https:\/\/www.trex.be\/fr\/a-propos-de-nous\/a-propos-de-troostwijk-roux\/#primaryimage"},"image":{"@id":"https:\/\/www.trex.be\/fr\/a-propos-de-nous\/a-propos-de-troostwijk-roux\/#primaryimage"},"thumbnailUrl":"https:\/\/www.trex.be\/wp-content\/uploads\/sites\/5\/2020\/11\/tijdelijk-icoontje-optie-5-2.png","datePublished":"2020-10-06T09:50:41+00:00","dateModified":"2021-11-02T10:01:41+00:00","description":"Depuis 40 ans, Troostwijk-Roux Expertises est leader dans le domaine de l'expertise, de l'\u00e9valuation des dommages et du conseil en Belgique et \u00e0 l'\u00e9tranger.","breadcrumb":{"@id":"https:\/\/www.trex.be\/fr\/a-propos-de-nous\/a-propos-de-troostwijk-roux\/#breadcrumb"},"inLanguage":"fr-FR","potentialAction":[{"@type":"ReadAction","target":["https:\/\/www.trex.be\/fr\/a-propos-de-nous\/a-propos-de-troostwijk-roux\/"]}]},{"@type":"ImageObject","inLanguage":"fr-FR","@id":"https:\/\/www.trex.be\/fr\/a-propos-de-nous\/a-propos-de-troostwijk-roux\/#primaryimage","url":"https:\/\/www.trex.be\/wp-content\/uploads\/sites\/5\/2020\/11\/tijdelijk-icoontje-optie-5-2.png","contentUrl":"https:\/\/www.trex.be\/wp-content\/uploads\/sites\/5\/2020\/11\/tijdelijk-icoontje-optie-5-2.png","width":568,"height":650},{"@type":"BreadcrumbList","@id":"https:\/\/www.trex.be\/fr\/a-propos-de-nous\/a-propos-de-troostwijk-roux\/#breadcrumb","itemListElement":[{"@type":"ListItem","position":1,"name":"Home","item":"https:\/\/www.trex.be\/fr\/"},{"@type":"ListItem","position":2,"name":"\u00c0 propos de nous","item":"https:\/\/www.trex.be\/fr\/a-propos-de-nous\/"},{"@type":"ListItem","position":3,"name":"\u00c0 propos de Troostwijk-Roux"}]},{"@type":"WebSite","@id":"https:\/\/www.trex.be\/#website","url":"https:\/\/www.trex.be\/","name":"Troostwijk Roux","description":"","publisher":{"@id":"https:\/\/www.trex.be\/#organization"},"potentialAction":[{"@type":"SearchAction","target":{"@type":"EntryPoint","urlTemplate":"https:\/\/www.trex.be\/?s={search_term_string}"},"query-input":{"@type":"PropertyValueSpecification","valueRequired":true,"valueName":"search_term_string"}}],"inLanguage":"fr-FR"},{"@type":"Organization","@id":"https:\/\/www.trex.be\/#organization","name":"Troostwijk","url":"https:\/\/www.trex.be\/","logo":{"@type":"ImageObject","inLanguage":"fr-FR","@id":"https:\/\/www.trex.be\/#\/schema\/logo\/image\/","url":"https:\/\/trex.be\/wp-content\/uploads\/sites\/5\/2020\/12\/troostwijk-logo.png","contentUrl":"https:\/\/trex.be\/wp-content\/uploads\/sites\/5\/2020\/12\/troostwijk-logo.png","width":188,"height":55,"caption":"Troostwijk"},"image":{"@id":"https:\/\/www.trex.be\/#\/schema\/logo\/image\/"}}]}},"_links":{"self":[{"href":"https:\/\/www.trex.be\/fr\/wp-json\/wp\/v2\/pages\/5951","targetHints":{"allow":["GET"]}}],"collection":[{"href":"https:\/\/www.trex.be\/fr\/wp-json\/wp\/v2\/pages"}],"about":[{"href":"https:\/\/www.trex.be\/fr\/wp-json\/wp\/v2\/types\/page"}],"author":[{"embeddable":true,"href":"https:\/\/www.trex.be\/fr\/wp-json\/wp\/v2\/users\/1"}],"replies":[{"embeddable":true,"href":"https:\/\/www.trex.be\/fr\/wp-json\/wp\/v2\/comments?post=5951"}],"version-history":[{"count":4,"href":"https:\/\/www.trex.be\/fr\/wp-json\/wp\/v2\/pages\/5951\/revisions"}],"predecessor-version":[{"id":6535,"href":"https:\/\/www.trex.be\/fr\/wp-json\/wp\/v2\/pages\/5951\/revisions\/6535"}],"up":[{"embeddable":true,"href":"https:\/\/www.trex.be\/fr\/wp-json\/wp\/v2\/pages\/4797"}],"wp:featuredmedia":[{"embeddable":true,"href":"https:\/\/www.trex.be\/fr\/wp-json\/wp\/v2\/media\/4620"}],"wp:attachment":[{"href":"https:\/\/www.trex.be\/fr\/wp-json\/wp\/v2\/media?parent=5951"}],"curies":[{"name":"wp","href":"https:\/\/api.w.org\/{rel}","templated":true}]}}