{"id":6967,"date":"2022-03-18T13:58:15","date_gmt":"2022-03-18T13:58:15","guid":{"rendered":"https:\/\/www.trex.be\/?page_id=6967"},"modified":"2022-06-09T14:19:43","modified_gmt":"2022-06-09T14:19:43","slug":"letat-des-lieux","status":"publish","type":"page","link":"https:\/\/www.trex.be\/fr\/consultancy\/letat-des-lieux\/","title":{"rendered":"L\u2019etat des lieux"},"content":{"rendered":"<div class=\"wpb-content-wrapper\">[vc_row][vc_column][vc_custom_heading text=\u00a0\u00bbL\u2019etat des lieux\u00a0\u00bb font_container=\u00a0\u00bbtag:h2|font_size:40|text_align:left\u00a0\u00bb use_theme_fonts=\u00a0\u00bbyes\u00a0\u00bb][vc_column_text]L\u2019\u00e9tat des lieux est une \u00e9valuation manuscrite et d\u00e9taill\u00e9e, r\u00e9alis\u00e9e par un expert reconnu, de l&rsquo;\u00e9tat r\u00e9el d&rsquo;un bien (b\u00e2timent, terrain, zones pavement\u00e9es non construites, etc.) au moment du relev\u00e9. Dans le rapport d&rsquo;expertise, l&rsquo;\u00e9tat (avec les d\u00e9rogations et les dommages) du bien immobilier est d\u00e9crit au moyen de textes et de photos.<\/p>\n<p>L&rsquo;objectif principal d&rsquo;un \u00e9tat des lieux est une description d\u00e9finitive, comme forme de preuve, afin prot\u00e9ger les diff\u00e9rentes parties lors d\u2019\u00e9ventuelles discussions ult\u00e9rieures. Un \u00e9tat des lieux nous permet de comparer la situation \u00e0 un moment pr\u00e9cis avec la situation \u00e0 un moment ult\u00e9rieur.<\/p>\n<h2><strong>Nous faisons la distinction entre:<\/strong><\/h2>\n<h3><strong>Etat des lieux d&rsquo;ouvrages<\/strong><\/h3>\n<p>Avant le d\u00e9but de travaux importants, il est conseill\u00e9 de faire r\u00e9aliser un \u00ab\u00a0constat\u00a0\u00bb ou une \u00ab\u00a0\u00e9tude sur site\u00a0\u00bb par un expert reconnu, afin de pouvoir ensuite d\u00e9montrer de mani\u00e8re concluante les dommages survenus au cours des travaux. Par exemple, les affaissements caus\u00e9s par les travaux dans les \u00e9gouts.<\/p>\n<h3><strong>Etat des lieux locatief<\/strong><\/h3>\n<p>Un \u00e9tat des lieux doit \u00eatre \u00e9tabli chaque fois qu&rsquo;un contrat de location est conclu ou r\u00e9sili\u00e9 entre parties. Avec l&rsquo;entr\u00e9e en vigueur de la nouvelle l\u00e9gislation sur la location dU le 18 mai 2007, la loi exige m\u00eame que cet \u00e9tat soit enregistr\u00e9 ensemble avec le contrat de location.<\/p>\n<p>Gr\u00e2ce \u00e0 ces deux inventaires, il est possible de comparer la situation du bien, et ceci avant l\u2019entr\u00e9e en vigueur du contrat de location et apr\u00e8s, et ceci afin de d\u00e9terminer des dommages subis pendant cette p\u00e9riode.<\/p>\n<p>Un \u00e9tat des lieux est un document juridiquement valable qui peut servir de preuve dans une affaire judiciaire.[\/vc_column_text][\/vc_column][\/vc_row]\n<\/div>","protected":false},"excerpt":{"rendered":"<p>[vc_row][vc_column][vc_custom_heading text=\u00a0\u00bbL\u2019etat des lieux\u00a0\u00bb font_container=\u00a0\u00bbtag:h2|font_size:40|text_align:left\u00a0\u00bb use_theme_fonts=\u00a0\u00bbyes\u00a0\u00bb][vc_column_text]L\u2019\u00e9tat des lieux est une \u00e9valuation manuscrite et d\u00e9taill\u00e9e, r\u00e9alis\u00e9e par un expert reconnu, de l&rsquo;\u00e9tat r\u00e9el d&rsquo;un bien (b\u00e2timent, terrain, zones pavement\u00e9es non construites, etc.) au moment du relev\u00e9. Dans le rapport d&rsquo;expertise, l&rsquo;\u00e9tat (avec les d\u00e9rogations et les dommages) du bien immobilier est d\u00e9crit au moyen de textes&hellip;<\/p>\n","protected":false},"author":3,"featured_media":4615,"parent":4822,"menu_order":0,"comment_status":"closed","ping_status":"closed","template":"","meta":{"_acf_changed":false,"footnotes":""},"class_list":["post-6967","page","type-page","status-publish","has-post-thumbnail","hentry","entry","has-media"],"acf":[],"yoast_head":"<!-- This site is optimized with the Yoast SEO plugin v26.8 - https:\/\/yoast.com\/product\/yoast-seo-wordpress\/ -->\n<title>L\u2019etat des lieux | Troostwijk Roux<\/title>\n<meta name=\"description\" content=\"L\u2019\u00e9tat des lieux est une \u00e9valuation manuscrite et d\u00e9taill\u00e9e, r\u00e9alis\u00e9e par un expert reconnu, de l&#039;\u00e9tat r\u00e9el d&#039;un bien au moment du relev\u00e9.\" \/>\n<meta name=\"robots\" content=\"index, follow, max-snippet:-1, max-image-preview:large, max-video-preview:-1\" \/>\n<link rel=\"canonical\" href=\"https:\/\/www.trex.be\/consultancy\/corporate-plaatsbeschrijving\/\" \/>\n<meta property=\"og:locale\" content=\"fr_FR\" \/>\n<meta property=\"og:type\" content=\"article\" \/>\n<meta property=\"og:title\" content=\"L\u2019etat des lieux | Troostwijk Roux\" \/>\n<meta property=\"og:description\" content=\"L\u2019\u00e9tat des lieux est une \u00e9valuation manuscrite et d\u00e9taill\u00e9e, r\u00e9alis\u00e9e par un expert reconnu, de l&#039;\u00e9tat r\u00e9el d&#039;un bien au moment du relev\u00e9.\" \/>\n<meta property=\"og:url\" content=\"https:\/\/www.trex.be\/consultancy\/corporate-plaatsbeschrijving\/\" \/>\n<meta property=\"og:site_name\" content=\"Troostwijk Roux\" \/>\n<meta property=\"article:modified_time\" content=\"2022-06-09T14:19:43+00:00\" \/>\n<meta property=\"og:image\" content=\"https:\/\/www.trex.be\/wp-content\/uploads\/sites\/5\/2021\/03\/tijdelijk-icoontje-optie-5-2-262x300-1.png\" \/>\n\t<meta property=\"og:image:width\" content=\"262\" \/>\n\t<meta property=\"og:image:height\" content=\"300\" \/>\n\t<meta property=\"og:image:type\" content=\"image\/png\" \/>\n<meta name=\"twitter:card\" content=\"summary_large_image\" \/>\n<meta name=\"twitter:label1\" content=\"Dur\u00e9e de lecture estim\u00e9e\" \/>\n\t<meta name=\"twitter:data1\" content=\"2 minutes\" \/>\n<script type=\"application\/ld+json\" class=\"yoast-schema-graph\">{\"@context\":\"https:\/\/schema.org\",\"@graph\":[{\"@type\":\"WebPage\",\"@id\":\"https:\/\/www.trex.be\/consultancy\/corporate-plaatsbeschrijving\/\",\"url\":\"https:\/\/www.trex.be\/consultancy\/corporate-plaatsbeschrijving\/\",\"name\":\"L\u2019etat des lieux | Troostwijk Roux\",\"isPartOf\":{\"@id\":\"https:\/\/www.trex.be\/#website\"},\"primaryImageOfPage\":{\"@id\":\"https:\/\/www.trex.be\/consultancy\/corporate-plaatsbeschrijving\/#primaryimage\"},\"image\":{\"@id\":\"https:\/\/www.trex.be\/consultancy\/corporate-plaatsbeschrijving\/#primaryimage\"},\"thumbnailUrl\":\"https:\/\/www.trex.be\/wp-content\/uploads\/sites\/5\/2021\/03\/tijdelijk-icoontje-optie-5-2-262x300-1.png\",\"datePublished\":\"2022-03-18T13:58:15+00:00\",\"dateModified\":\"2022-06-09T14:19:43+00:00\",\"description\":\"L\u2019\u00e9tat des lieux est une \u00e9valuation manuscrite et d\u00e9taill\u00e9e, r\u00e9alis\u00e9e par un expert reconnu, de l'\u00e9tat r\u00e9el d'un bien au moment du relev\u00e9.\",\"breadcrumb\":{\"@id\":\"https:\/\/www.trex.be\/consultancy\/corporate-plaatsbeschrijving\/#breadcrumb\"},\"inLanguage\":\"fr-FR\",\"potentialAction\":[{\"@type\":\"ReadAction\",\"target\":[\"https:\/\/www.trex.be\/consultancy\/corporate-plaatsbeschrijving\/\"]}]},{\"@type\":\"ImageObject\",\"inLanguage\":\"fr-FR\",\"@id\":\"https:\/\/www.trex.be\/consultancy\/corporate-plaatsbeschrijving\/#primaryimage\",\"url\":\"https:\/\/www.trex.be\/wp-content\/uploads\/sites\/5\/2021\/03\/tijdelijk-icoontje-optie-5-2-262x300-1.png\",\"contentUrl\":\"https:\/\/www.trex.be\/wp-content\/uploads\/sites\/5\/2021\/03\/tijdelijk-icoontje-optie-5-2-262x300-1.png\",\"width\":262,\"height\":300},{\"@type\":\"BreadcrumbList\",\"@id\":\"https:\/\/www.trex.be\/consultancy\/corporate-plaatsbeschrijving\/#breadcrumb\",\"itemListElement\":[{\"@type\":\"ListItem\",\"position\":1,\"name\":\"Home\",\"item\":\"https:\/\/www.trex.be\/fr\/\"},{\"@type\":\"ListItem\",\"position\":2,\"name\":\"Consultancy\",\"item\":\"https:\/\/www.trex.be\/consultancy\/\"},{\"@type\":\"ListItem\",\"position\":3,\"name\":\"L\u2019etat des lieux\"}]},{\"@type\":\"WebSite\",\"@id\":\"https:\/\/www.trex.be\/#website\",\"url\":\"https:\/\/www.trex.be\/\",\"name\":\"Troostwijk Roux\",\"description\":\"\",\"publisher\":{\"@id\":\"https:\/\/www.trex.be\/#organization\"},\"potentialAction\":[{\"@type\":\"SearchAction\",\"target\":{\"@type\":\"EntryPoint\",\"urlTemplate\":\"https:\/\/www.trex.be\/?s={search_term_string}\"},\"query-input\":{\"@type\":\"PropertyValueSpecification\",\"valueRequired\":true,\"valueName\":\"search_term_string\"}}],\"inLanguage\":\"fr-FR\"},{\"@type\":\"Organization\",\"@id\":\"https:\/\/www.trex.be\/#organization\",\"name\":\"Troostwijk\",\"url\":\"https:\/\/www.trex.be\/\",\"logo\":{\"@type\":\"ImageObject\",\"inLanguage\":\"fr-FR\",\"@id\":\"https:\/\/www.trex.be\/#\/schema\/logo\/image\/\",\"url\":\"https:\/\/trex.be\/wp-content\/uploads\/sites\/5\/2020\/12\/troostwijk-logo.png\",\"contentUrl\":\"https:\/\/trex.be\/wp-content\/uploads\/sites\/5\/2020\/12\/troostwijk-logo.png\",\"width\":188,\"height\":55,\"caption\":\"Troostwijk\"},\"image\":{\"@id\":\"https:\/\/www.trex.be\/#\/schema\/logo\/image\/\"}}]}<\/script>\n<!-- \/ Yoast SEO plugin. -->","yoast_head_json":{"title":"L\u2019etat des lieux | Troostwijk Roux","description":"L\u2019\u00e9tat des lieux est une \u00e9valuation manuscrite et d\u00e9taill\u00e9e, r\u00e9alis\u00e9e par un expert reconnu, de l'\u00e9tat r\u00e9el d'un bien au moment du relev\u00e9.","robots":{"index":"index","follow":"follow","max-snippet":"max-snippet:-1","max-image-preview":"max-image-preview:large","max-video-preview":"max-video-preview:-1"},"canonical":"https:\/\/www.trex.be\/consultancy\/corporate-plaatsbeschrijving\/","og_locale":"fr_FR","og_type":"article","og_title":"L\u2019etat des lieux | Troostwijk Roux","og_description":"L\u2019\u00e9tat des lieux est une \u00e9valuation manuscrite et d\u00e9taill\u00e9e, r\u00e9alis\u00e9e par un expert reconnu, de l'\u00e9tat r\u00e9el d'un bien au moment du relev\u00e9.","og_url":"https:\/\/www.trex.be\/consultancy\/corporate-plaatsbeschrijving\/","og_site_name":"Troostwijk Roux","article_modified_time":"2022-06-09T14:19:43+00:00","og_image":[{"width":262,"height":300,"url":"https:\/\/www.trex.be\/wp-content\/uploads\/sites\/5\/2021\/03\/tijdelijk-icoontje-optie-5-2-262x300-1.png","type":"image\/png"}],"twitter_card":"summary_large_image","twitter_misc":{"Dur\u00e9e de lecture estim\u00e9e":"2 minutes"},"schema":{"@context":"https:\/\/schema.org","@graph":[{"@type":"WebPage","@id":"https:\/\/www.trex.be\/consultancy\/corporate-plaatsbeschrijving\/","url":"https:\/\/www.trex.be\/consultancy\/corporate-plaatsbeschrijving\/","name":"L\u2019etat des lieux | Troostwijk Roux","isPartOf":{"@id":"https:\/\/www.trex.be\/#website"},"primaryImageOfPage":{"@id":"https:\/\/www.trex.be\/consultancy\/corporate-plaatsbeschrijving\/#primaryimage"},"image":{"@id":"https:\/\/www.trex.be\/consultancy\/corporate-plaatsbeschrijving\/#primaryimage"},"thumbnailUrl":"https:\/\/www.trex.be\/wp-content\/uploads\/sites\/5\/2021\/03\/tijdelijk-icoontje-optie-5-2-262x300-1.png","datePublished":"2022-03-18T13:58:15+00:00","dateModified":"2022-06-09T14:19:43+00:00","description":"L\u2019\u00e9tat des lieux est une \u00e9valuation manuscrite et d\u00e9taill\u00e9e, r\u00e9alis\u00e9e par un expert reconnu, de l'\u00e9tat r\u00e9el d'un bien au moment du relev\u00e9.","breadcrumb":{"@id":"https:\/\/www.trex.be\/consultancy\/corporate-plaatsbeschrijving\/#breadcrumb"},"inLanguage":"fr-FR","potentialAction":[{"@type":"ReadAction","target":["https:\/\/www.trex.be\/consultancy\/corporate-plaatsbeschrijving\/"]}]},{"@type":"ImageObject","inLanguage":"fr-FR","@id":"https:\/\/www.trex.be\/consultancy\/corporate-plaatsbeschrijving\/#primaryimage","url":"https:\/\/www.trex.be\/wp-content\/uploads\/sites\/5\/2021\/03\/tijdelijk-icoontje-optie-5-2-262x300-1.png","contentUrl":"https:\/\/www.trex.be\/wp-content\/uploads\/sites\/5\/2021\/03\/tijdelijk-icoontje-optie-5-2-262x300-1.png","width":262,"height":300},{"@type":"BreadcrumbList","@id":"https:\/\/www.trex.be\/consultancy\/corporate-plaatsbeschrijving\/#breadcrumb","itemListElement":[{"@type":"ListItem","position":1,"name":"Home","item":"https:\/\/www.trex.be\/fr\/"},{"@type":"ListItem","position":2,"name":"Consultancy","item":"https:\/\/www.trex.be\/consultancy\/"},{"@type":"ListItem","position":3,"name":"L\u2019etat des lieux"}]},{"@type":"WebSite","@id":"https:\/\/www.trex.be\/#website","url":"https:\/\/www.trex.be\/","name":"Troostwijk Roux","description":"","publisher":{"@id":"https:\/\/www.trex.be\/#organization"},"potentialAction":[{"@type":"SearchAction","target":{"@type":"EntryPoint","urlTemplate":"https:\/\/www.trex.be\/?s={search_term_string}"},"query-input":{"@type":"PropertyValueSpecification","valueRequired":true,"valueName":"search_term_string"}}],"inLanguage":"fr-FR"},{"@type":"Organization","@id":"https:\/\/www.trex.be\/#organization","name":"Troostwijk","url":"https:\/\/www.trex.be\/","logo":{"@type":"ImageObject","inLanguage":"fr-FR","@id":"https:\/\/www.trex.be\/#\/schema\/logo\/image\/","url":"https:\/\/trex.be\/wp-content\/uploads\/sites\/5\/2020\/12\/troostwijk-logo.png","contentUrl":"https:\/\/trex.be\/wp-content\/uploads\/sites\/5\/2020\/12\/troostwijk-logo.png","width":188,"height":55,"caption":"Troostwijk"},"image":{"@id":"https:\/\/www.trex.be\/#\/schema\/logo\/image\/"}}]}},"_links":{"self":[{"href":"https:\/\/www.trex.be\/fr\/wp-json\/wp\/v2\/pages\/6967","targetHints":{"allow":["GET"]}}],"collection":[{"href":"https:\/\/www.trex.be\/fr\/wp-json\/wp\/v2\/pages"}],"about":[{"href":"https:\/\/www.trex.be\/fr\/wp-json\/wp\/v2\/types\/page"}],"author":[{"embeddable":true,"href":"https:\/\/www.trex.be\/fr\/wp-json\/wp\/v2\/users\/3"}],"replies":[{"embeddable":true,"href":"https:\/\/www.trex.be\/fr\/wp-json\/wp\/v2\/comments?post=6967"}],"version-history":[{"count":5,"href":"https:\/\/www.trex.be\/fr\/wp-json\/wp\/v2\/pages\/6967\/revisions"}],"predecessor-version":[{"id":6972,"href":"https:\/\/www.trex.be\/fr\/wp-json\/wp\/v2\/pages\/6967\/revisions\/6972"}],"up":[{"embeddable":true,"href":"https:\/\/www.trex.be\/fr\/wp-json\/wp\/v2\/pages\/4822"}],"wp:featuredmedia":[{"embeddable":true,"href":"https:\/\/www.trex.be\/fr\/wp-json\/wp\/v2\/media\/4615"}],"wp:attachment":[{"href":"https:\/\/www.trex.be\/fr\/wp-json\/wp\/v2\/media?parent=6967"}],"curies":[{"name":"wp","href":"https:\/\/api.w.org\/{rel}","templated":true}]}}