{"id":6973,"date":"2022-03-18T14:05:24","date_gmt":"2022-03-18T14:05:24","guid":{"rendered":"https:\/\/www.trex.be\/?page_id=6973"},"modified":"2022-06-09T14:17:13","modified_gmt":"2022-06-09T14:17:13","slug":"negligence-dentretien","status":"publish","type":"page","link":"https:\/\/www.trex.be\/fr\/consultancy\/negligence-dentretien\/","title":{"rendered":"Negligence d\u2019entretien"},"content":{"rendered":"<div class=\"wpb-content-wrapper\">[vc_row][vc_column][vc_custom_heading text=\u00a0\u00bbDiscription &amp; Calcul\u00a0\u00bb font_container=\u00a0\u00bbtag:h2|font_size:40|text_align:left\u00a0\u00bb use_theme_fonts=\u00a0\u00bbyes\u00a0\u00bb][vc_column_text]Parce qu&rsquo;un \u00e9tat des lieux refl\u00e8te la situation r\u00e9elle \u00e0 un moment pr\u00e9cis, il constitue \u00e9galement un indicateur objectif de la n\u00e9gligence de l&rsquo;entretien. Par entretien n\u00e9gligent on entend l&rsquo;absence d&rsquo;entretien qui aurait d\u00fb normalement \u00eatre effectu\u00e9 par l&rsquo;une des parties et qui pourrait \u00e9ventuellement entra\u00eener des co\u00fbts suppl\u00e9mentaires.<\/p>\n<h3>La d\u00e9termination de l\u2019entretien<\/h3>\n<p>La d\u00e9termination de l\u2019entretien tardif a pour but, d&rsquo;une part, d&rsquo;\u00e9tablir de quels dommages il s&rsquo;agit et, d&rsquo;autre part, de pouvoir estimer les co\u00fbts \u00e0 supporter des travaux \u00e0 effectuer.<\/p>\n<p>Cette forme d&rsquo;\u00e9valuation des biens fait souvent partie d&rsquo;un processus de Due Diligence et peut s&rsquo;av\u00e9rer utile dans les n\u00e9gociations d&rsquo;acquisition\/de vente\/de transfert de biens immobiliers[\/vc_column_text][\/vc_column][\/vc_row]\n<\/div>","protected":false},"excerpt":{"rendered":"<p>[vc_row][vc_column][vc_custom_heading text=\u00a0\u00bbDiscription &amp; Calcul\u00a0\u00bb font_container=\u00a0\u00bbtag:h2|font_size:40|text_align:left\u00a0\u00bb use_theme_fonts=\u00a0\u00bbyes\u00a0\u00bb][vc_column_text]Parce qu&rsquo;un \u00e9tat des lieux refl\u00e8te la situation r\u00e9elle \u00e0 un moment pr\u00e9cis, il constitue \u00e9galement un indicateur objectif de la n\u00e9gligence de l&rsquo;entretien. Par entretien n\u00e9gligent on entend l&rsquo;absence d&rsquo;entretien qui aurait d\u00fb normalement \u00eatre effectu\u00e9 par l&rsquo;une des parties et qui pourrait \u00e9ventuellement entra\u00eener des co\u00fbts suppl\u00e9mentaires. La&hellip;<\/p>\n","protected":false},"author":3,"featured_media":4620,"parent":4822,"menu_order":0,"comment_status":"closed","ping_status":"closed","template":"","meta":{"_acf_changed":false,"footnotes":""},"class_list":["post-6973","page","type-page","status-publish","has-post-thumbnail","hentry","entry","has-media"],"acf":[],"yoast_head":"<!-- This site is optimized with the Yoast SEO plugin v26.8 - https:\/\/yoast.com\/product\/yoast-seo-wordpress\/ -->\n<title>Negligence d\u2019entretien | Troostwijk Roux<\/title>\n<meta name=\"description\" content=\"Par entretien n\u00e9gligent on entend l&#039;absence d&#039;entretien qui aurait d\u00fb normalement \u00eatre effectu\u00e9 par l&#039;une des parties et qui pourrait \u00e9ventuellement entra\u00eener des co\u00fbts suppl\u00e9mentaires.\" \/>\n<meta name=\"robots\" content=\"index, follow, max-snippet:-1, max-image-preview:large, max-video-preview:-1\" \/>\n<link rel=\"canonical\" href=\"https:\/\/www.trex.be\/consultancy\/achterstallig-onderhoud\/\" \/>\n<meta property=\"og:locale\" content=\"fr_FR\" \/>\n<meta property=\"og:type\" content=\"article\" \/>\n<meta property=\"og:title\" content=\"Negligence d\u2019entretien | Troostwijk Roux\" \/>\n<meta property=\"og:description\" content=\"Par entretien n\u00e9gligent on entend l&#039;absence d&#039;entretien qui aurait d\u00fb normalement \u00eatre effectu\u00e9 par l&#039;une des parties et qui pourrait \u00e9ventuellement entra\u00eener des co\u00fbts suppl\u00e9mentaires.\" \/>\n<meta property=\"og:url\" content=\"https:\/\/www.trex.be\/consultancy\/achterstallig-onderhoud\/\" \/>\n<meta property=\"og:site_name\" content=\"Troostwijk Roux\" \/>\n<meta property=\"article:modified_time\" content=\"2022-06-09T14:17:13+00:00\" \/>\n<meta property=\"og:image\" content=\"https:\/\/www.trex.be\/wp-content\/uploads\/sites\/5\/2020\/11\/tijdelijk-icoontje-optie-5-2.png\" \/>\n\t<meta property=\"og:image:width\" content=\"568\" \/>\n\t<meta property=\"og:image:height\" content=\"650\" \/>\n\t<meta property=\"og:image:type\" content=\"image\/png\" \/>\n<meta name=\"twitter:card\" content=\"summary_large_image\" \/>\n<meta name=\"twitter:label1\" content=\"Dur\u00e9e de lecture estim\u00e9e\" \/>\n\t<meta name=\"twitter:data1\" content=\"1 minute\" \/>\n<script type=\"application\/ld+json\" class=\"yoast-schema-graph\">{\"@context\":\"https:\/\/schema.org\",\"@graph\":[{\"@type\":\"WebPage\",\"@id\":\"https:\/\/www.trex.be\/consultancy\/achterstallig-onderhoud\/\",\"url\":\"https:\/\/www.trex.be\/consultancy\/achterstallig-onderhoud\/\",\"name\":\"Negligence d\u2019entretien | Troostwijk Roux\",\"isPartOf\":{\"@id\":\"https:\/\/www.trex.be\/#website\"},\"primaryImageOfPage\":{\"@id\":\"https:\/\/www.trex.be\/consultancy\/achterstallig-onderhoud\/#primaryimage\"},\"image\":{\"@id\":\"https:\/\/www.trex.be\/consultancy\/achterstallig-onderhoud\/#primaryimage\"},\"thumbnailUrl\":\"https:\/\/www.trex.be\/wp-content\/uploads\/sites\/5\/2020\/11\/tijdelijk-icoontje-optie-5-2.png\",\"datePublished\":\"2022-03-18T14:05:24+00:00\",\"dateModified\":\"2022-06-09T14:17:13+00:00\",\"description\":\"Par entretien n\u00e9gligent on entend l'absence d'entretien qui aurait d\u00fb normalement \u00eatre effectu\u00e9 par l'une des parties et qui pourrait \u00e9ventuellement entra\u00eener des co\u00fbts suppl\u00e9mentaires.\",\"breadcrumb\":{\"@id\":\"https:\/\/www.trex.be\/consultancy\/achterstallig-onderhoud\/#breadcrumb\"},\"inLanguage\":\"fr-FR\",\"potentialAction\":[{\"@type\":\"ReadAction\",\"target\":[\"https:\/\/www.trex.be\/consultancy\/achterstallig-onderhoud\/\"]}]},{\"@type\":\"ImageObject\",\"inLanguage\":\"fr-FR\",\"@id\":\"https:\/\/www.trex.be\/consultancy\/achterstallig-onderhoud\/#primaryimage\",\"url\":\"https:\/\/www.trex.be\/wp-content\/uploads\/sites\/5\/2020\/11\/tijdelijk-icoontje-optie-5-2.png\",\"contentUrl\":\"https:\/\/www.trex.be\/wp-content\/uploads\/sites\/5\/2020\/11\/tijdelijk-icoontje-optie-5-2.png\",\"width\":568,\"height\":650},{\"@type\":\"BreadcrumbList\",\"@id\":\"https:\/\/www.trex.be\/consultancy\/achterstallig-onderhoud\/#breadcrumb\",\"itemListElement\":[{\"@type\":\"ListItem\",\"position\":1,\"name\":\"Home\",\"item\":\"https:\/\/www.trex.be\/fr\/\"},{\"@type\":\"ListItem\",\"position\":2,\"name\":\"Consultancy\",\"item\":\"https:\/\/www.trex.be\/consultancy\/\"},{\"@type\":\"ListItem\",\"position\":3,\"name\":\"Negligence d\u2019entretien\"}]},{\"@type\":\"WebSite\",\"@id\":\"https:\/\/www.trex.be\/#website\",\"url\":\"https:\/\/www.trex.be\/\",\"name\":\"Troostwijk Roux\",\"description\":\"\",\"publisher\":{\"@id\":\"https:\/\/www.trex.be\/#organization\"},\"potentialAction\":[{\"@type\":\"SearchAction\",\"target\":{\"@type\":\"EntryPoint\",\"urlTemplate\":\"https:\/\/www.trex.be\/?s={search_term_string}\"},\"query-input\":{\"@type\":\"PropertyValueSpecification\",\"valueRequired\":true,\"valueName\":\"search_term_string\"}}],\"inLanguage\":\"fr-FR\"},{\"@type\":\"Organization\",\"@id\":\"https:\/\/www.trex.be\/#organization\",\"name\":\"Troostwijk\",\"url\":\"https:\/\/www.trex.be\/\",\"logo\":{\"@type\":\"ImageObject\",\"inLanguage\":\"fr-FR\",\"@id\":\"https:\/\/www.trex.be\/#\/schema\/logo\/image\/\",\"url\":\"https:\/\/trex.be\/wp-content\/uploads\/sites\/5\/2020\/12\/troostwijk-logo.png\",\"contentUrl\":\"https:\/\/trex.be\/wp-content\/uploads\/sites\/5\/2020\/12\/troostwijk-logo.png\",\"width\":188,\"height\":55,\"caption\":\"Troostwijk\"},\"image\":{\"@id\":\"https:\/\/www.trex.be\/#\/schema\/logo\/image\/\"}}]}<\/script>\n<!-- \/ Yoast SEO plugin. -->","yoast_head_json":{"title":"Negligence d\u2019entretien | Troostwijk Roux","description":"Par entretien n\u00e9gligent on entend l'absence d'entretien qui aurait d\u00fb normalement \u00eatre effectu\u00e9 par l'une des parties et qui pourrait \u00e9ventuellement entra\u00eener des co\u00fbts suppl\u00e9mentaires.","robots":{"index":"index","follow":"follow","max-snippet":"max-snippet:-1","max-image-preview":"max-image-preview:large","max-video-preview":"max-video-preview:-1"},"canonical":"https:\/\/www.trex.be\/consultancy\/achterstallig-onderhoud\/","og_locale":"fr_FR","og_type":"article","og_title":"Negligence d\u2019entretien | Troostwijk Roux","og_description":"Par entretien n\u00e9gligent on entend l'absence d'entretien qui aurait d\u00fb normalement \u00eatre effectu\u00e9 par l'une des parties et qui pourrait \u00e9ventuellement entra\u00eener des co\u00fbts suppl\u00e9mentaires.","og_url":"https:\/\/www.trex.be\/consultancy\/achterstallig-onderhoud\/","og_site_name":"Troostwijk Roux","article_modified_time":"2022-06-09T14:17:13+00:00","og_image":[{"width":568,"height":650,"url":"https:\/\/www.trex.be\/wp-content\/uploads\/sites\/5\/2020\/11\/tijdelijk-icoontje-optie-5-2.png","type":"image\/png"}],"twitter_card":"summary_large_image","twitter_misc":{"Dur\u00e9e de lecture estim\u00e9e":"1 minute"},"schema":{"@context":"https:\/\/schema.org","@graph":[{"@type":"WebPage","@id":"https:\/\/www.trex.be\/consultancy\/achterstallig-onderhoud\/","url":"https:\/\/www.trex.be\/consultancy\/achterstallig-onderhoud\/","name":"Negligence d\u2019entretien | Troostwijk Roux","isPartOf":{"@id":"https:\/\/www.trex.be\/#website"},"primaryImageOfPage":{"@id":"https:\/\/www.trex.be\/consultancy\/achterstallig-onderhoud\/#primaryimage"},"image":{"@id":"https:\/\/www.trex.be\/consultancy\/achterstallig-onderhoud\/#primaryimage"},"thumbnailUrl":"https:\/\/www.trex.be\/wp-content\/uploads\/sites\/5\/2020\/11\/tijdelijk-icoontje-optie-5-2.png","datePublished":"2022-03-18T14:05:24+00:00","dateModified":"2022-06-09T14:17:13+00:00","description":"Par entretien n\u00e9gligent on entend l'absence d'entretien qui aurait d\u00fb normalement \u00eatre effectu\u00e9 par l'une des parties et qui pourrait \u00e9ventuellement entra\u00eener des co\u00fbts suppl\u00e9mentaires.","breadcrumb":{"@id":"https:\/\/www.trex.be\/consultancy\/achterstallig-onderhoud\/#breadcrumb"},"inLanguage":"fr-FR","potentialAction":[{"@type":"ReadAction","target":["https:\/\/www.trex.be\/consultancy\/achterstallig-onderhoud\/"]}]},{"@type":"ImageObject","inLanguage":"fr-FR","@id":"https:\/\/www.trex.be\/consultancy\/achterstallig-onderhoud\/#primaryimage","url":"https:\/\/www.trex.be\/wp-content\/uploads\/sites\/5\/2020\/11\/tijdelijk-icoontje-optie-5-2.png","contentUrl":"https:\/\/www.trex.be\/wp-content\/uploads\/sites\/5\/2020\/11\/tijdelijk-icoontje-optie-5-2.png","width":568,"height":650},{"@type":"BreadcrumbList","@id":"https:\/\/www.trex.be\/consultancy\/achterstallig-onderhoud\/#breadcrumb","itemListElement":[{"@type":"ListItem","position":1,"name":"Home","item":"https:\/\/www.trex.be\/fr\/"},{"@type":"ListItem","position":2,"name":"Consultancy","item":"https:\/\/www.trex.be\/consultancy\/"},{"@type":"ListItem","position":3,"name":"Negligence d\u2019entretien"}]},{"@type":"WebSite","@id":"https:\/\/www.trex.be\/#website","url":"https:\/\/www.trex.be\/","name":"Troostwijk Roux","description":"","publisher":{"@id":"https:\/\/www.trex.be\/#organization"},"potentialAction":[{"@type":"SearchAction","target":{"@type":"EntryPoint","urlTemplate":"https:\/\/www.trex.be\/?s={search_term_string}"},"query-input":{"@type":"PropertyValueSpecification","valueRequired":true,"valueName":"search_term_string"}}],"inLanguage":"fr-FR"},{"@type":"Organization","@id":"https:\/\/www.trex.be\/#organization","name":"Troostwijk","url":"https:\/\/www.trex.be\/","logo":{"@type":"ImageObject","inLanguage":"fr-FR","@id":"https:\/\/www.trex.be\/#\/schema\/logo\/image\/","url":"https:\/\/trex.be\/wp-content\/uploads\/sites\/5\/2020\/12\/troostwijk-logo.png","contentUrl":"https:\/\/trex.be\/wp-content\/uploads\/sites\/5\/2020\/12\/troostwijk-logo.png","width":188,"height":55,"caption":"Troostwijk"},"image":{"@id":"https:\/\/www.trex.be\/#\/schema\/logo\/image\/"}}]}},"_links":{"self":[{"href":"https:\/\/www.trex.be\/fr\/wp-json\/wp\/v2\/pages\/6973","targetHints":{"allow":["GET"]}}],"collection":[{"href":"https:\/\/www.trex.be\/fr\/wp-json\/wp\/v2\/pages"}],"about":[{"href":"https:\/\/www.trex.be\/fr\/wp-json\/wp\/v2\/types\/page"}],"author":[{"embeddable":true,"href":"https:\/\/www.trex.be\/fr\/wp-json\/wp\/v2\/users\/3"}],"replies":[{"embeddable":true,"href":"https:\/\/www.trex.be\/fr\/wp-json\/wp\/v2\/comments?post=6973"}],"version-history":[{"count":4,"href":"https:\/\/www.trex.be\/fr\/wp-json\/wp\/v2\/pages\/6973\/revisions"}],"predecessor-version":[{"id":6978,"href":"https:\/\/www.trex.be\/fr\/wp-json\/wp\/v2\/pages\/6973\/revisions\/6978"}],"up":[{"embeddable":true,"href":"https:\/\/www.trex.be\/fr\/wp-json\/wp\/v2\/pages\/4822"}],"wp:featuredmedia":[{"embeddable":true,"href":"https:\/\/www.trex.be\/fr\/wp-json\/wp\/v2\/media\/4620"}],"wp:attachment":[{"href":"https:\/\/www.trex.be\/fr\/wp-json\/wp\/v2\/media?parent=6973"}],"curies":[{"name":"wp","href":"https:\/\/api.w.org\/{rel}","templated":true}]}}