{"id":7117,"date":"2022-05-17T10:13:24","date_gmt":"2022-05-17T10:13:24","guid":{"rendered":"https:\/\/www.trex.be\/?page_id=7117"},"modified":"2025-02-07T07:31:54","modified_gmt":"2025-02-07T07:31:54","slug":"venez-travailler-chez-troostwijk-roux","status":"publish","type":"page","link":"https:\/\/www.trex.be\/fr\/a-propos-de-nous\/venez-travailler-chez-troostwijk-roux\/","title":{"rendered":"Venez travailler chez Troostwijk-Roux"},"content":{"rendered":"<div class=\"wpb-content-wrapper\">[vc_row][vc_column][vc_custom_heading text=\u00a0\u00bbVenez travailler chez Troostwijk-Roux\u00a0\u00bb font_container=\u00a0\u00bbtag:h2|font_size:40|text_align:left\u00a0\u00bb use_theme_fonts=\u00a0\u00bbyes\u00a0\u00bb][vc_column_text font_size=\u00a0\u00bb20&Prime;]Une entreprise stable comme Troostwijk-Roux Expertises est consciente que vous profitez au mieux de votre organisation en donnant de l&rsquo;espace \u00e0 vos employ\u00e9s. C&rsquo;est ainsi que nous voyons naitre les solutions les plus inventives ! C&rsquo;est \u00e9galement la caract\u00e9ristique de nos employ\u00e9s : ils cherchent constamment \u00e0 s&rsquo;am\u00e9liorer, tant en eux-m\u00eames que dans les services fournis \u00e0 nos clients.[\/vc_column_text]<div class=\"vcex-module vcex-divider vcex-divider-solid vcex-divider-center wpex-mx-auto wpex-block wpex-h-0 wpex-border-b wpex-border-solid wpex-border-main\" style=\"margin-block:20px;border-bottom-width:1px;\"><\/div>[vc_column_text css=\u00a0\u00bb\u00a0\u00bb]\n<h3>Carri\u00e8re<\/h3>\n<p>Chez Troostwijk-Roux Expertises, nous voulons que les personnes progressent et s\u2019\u00e9panouissent afin de repousser leurs propres limites, mais aussi celles de Troostwijk-Roux Expertises. Tant les jeunes dipl\u00f4m\u00e9s que les experts\/taxateurs \u00a0exp\u00e9riment\u00e9s sont les bienvenus dans notre \u00e9quipe. Nous pouvons vous former en interne pour devenir un expert ou un taxateur \u00a0\u00e0 part enti\u00e8re, avec votre propre sp\u00e9cialit\u00e9 et ceci gr\u00e2\u00e7e \u00e0 nos connaissances et comp\u00e9tences en interne avec plus de 60 experts !<\/p>\n<p>Cela s&rsquo;applique \u00e9galement \u00e0 notre \u00e9quipe de support interne. Celle-\u00e7i poss\u00e8de sa propre expertise et jouit de multiples connaissances professionnelles, ce qui permet \u00e0 nos expert de de concentrer au mieux sur leur mission. Troostwijk-Roux Expertises est \u00e9galement l&rsquo;endroit id\u00e9al pour un emploi polyvalent dans lequel nous encourageons votre propre contribution et vos id\u00e9es innovantes.<\/p>\n<h3>Soyez motiv\u00e9, grandissez plus vite<\/h3>\n<p>Chacun grandit \u00e0 sa mani\u00e8re et \u00e0 son rythme. Cependant, le moyen le plus rapide de se d\u00e9velopper est d&rsquo;\u00eatre motiv\u00e9. C&rsquo;est pourquoi nous aimons voir nos collaborateurs choisir leur propre parcours professionnel, dans la limite des possibilit\u00e9s. Cela inclut une responsabilit\u00e9 personnelle qui est la cl\u00e9 de votre propre carri\u00e8re et votre r\u00e9ussite ! Troostwijk-Roux Expertises soutient cela en fournissant autant d&rsquo;espace et de ressources que possible pour permettre la croissance et le d\u00e9veloppement personnel.<\/p>\n<h3>Int\u00e9ress\u00e9 ?<\/h3>\n<p>Si vous \u00eates int\u00e9ress\u00e9 par un emploi dans une entreprise en expansion dans un cadre international, veuillez envoyer votre CV \u00e0 <a href=\"mailto:vacature@trex.be\">people@trex.be<\/a>. Pour de plus amples informations sur les offres d\u2019emploi, vous pouvez contacter Margot Verheyden au num\u00e9ro de t\u00e9l\u00e9phone +32 477 74 42 12.[\/vc_column_text]<div class=\"vcex-module vcex-divider vcex-divider-solid vcex-divider-center wpex-mx-auto wpex-block wpex-h-0 wpex-border-b wpex-border-solid wpex-border-main\" style=\"margin-block:20px;border-bottom-width:1px;\"><\/div>[vc_custom_heading text=\u00a0\u00bbOffre d\u2019emploi\u00a0\u00bb font_container=\u00a0\u00bbtag:h2|font_size:30|text_align:left\u00a0\u00bb use_theme_fonts=\u00a0\u00bbyes\u00a0\u00bb][vc_basic_grid post_type=\u00a0\u00bbtestimonials\u00a0\u00bb max_items=\u00a0\u00bb-1&Prime; element_width=\u00a0\u00bb12&Prime; item=\u00a0\u00bb668&Prime; grid_id=\u00a0\u00bbvc_gid:1738851878908-2e00beca-8a73-1&Prime;]<div class=\"vcex-module vcex-divider vcex-divider-solid vcex-divider-center wpex-mx-auto wpex-block wpex-h-0 wpex-border-b wpex-border-solid wpex-border-main\" style=\"margin-block:20px;\"><\/div>[\/vc_column][\/vc_row]\n<\/div>","protected":false},"excerpt":{"rendered":"<p>[vc_row][vc_column][vc_custom_heading text=\u00a0\u00bbVenez travailler chez Troostwijk-Roux\u00a0\u00bb font_container=\u00a0\u00bbtag:h2|font_size:40|text_align:left\u00a0\u00bb use_theme_fonts=\u00a0\u00bbyes\u00a0\u00bb][vc_column_text font_size=\u00a0\u00bb20&Prime;]Une entreprise stable comme Troostwijk-Roux Expertises est consciente que vous profitez au mieux de votre organisation en donnant de l&rsquo;espace \u00e0 vos employ\u00e9s. C&rsquo;est ainsi que nous voyons naitre les solutions les plus inventives ! C&rsquo;est \u00e9galement la caract\u00e9ristique de nos employ\u00e9s : ils cherchent constamment \u00e0 s&rsquo;am\u00e9liorer,&hellip;<\/p>\n","protected":false},"author":3,"featured_media":4620,"parent":4797,"menu_order":0,"comment_status":"closed","ping_status":"closed","template":"templates\/no-sidebar.php","meta":{"_acf_changed":false,"footnotes":""},"class_list":["post-7117","page","type-page","status-publish","has-post-thumbnail","hentry","entry","has-media"],"acf":[],"yoast_head":"<!-- This site is optimized with the Yoast SEO plugin v26.8 - https:\/\/yoast.com\/product\/yoast-seo-wordpress\/ -->\n<title>Venez travailler chez Troostwijk-Roux<\/title>\n<meta name=\"description\" content=\"Chez Troostwijk-Roux Expertises, nous voulons que les personnes progressent et s\u2019\u00e9panouissent afin de repousser leurs propres limites, mais aussi celles de Troostwijk-Roux Expertises\" \/>\n<meta name=\"robots\" content=\"index, follow, max-snippet:-1, max-image-preview:large, max-video-preview:-1\" \/>\n<link rel=\"canonical\" href=\"https:\/\/www.trex.be\/fr\/a-propos-de-nous\/venez-travailler-chez-troostwijk-roux\/\" \/>\n<meta property=\"og:locale\" content=\"fr_FR\" \/>\n<meta property=\"og:type\" content=\"article\" \/>\n<meta property=\"og:title\" content=\"Venez travailler chez Troostwijk-Roux\" \/>\n<meta property=\"og:description\" content=\"Chez Troostwijk-Roux Expertises, nous voulons que les personnes progressent et s\u2019\u00e9panouissent afin de repousser leurs propres limites, mais aussi celles de Troostwijk-Roux Expertises\" \/>\n<meta property=\"og:url\" content=\"https:\/\/www.trex.be\/fr\/a-propos-de-nous\/venez-travailler-chez-troostwijk-roux\/\" \/>\n<meta property=\"og:site_name\" content=\"Troostwijk Roux\" \/>\n<meta property=\"article:modified_time\" content=\"2025-02-07T07:31:54+00:00\" \/>\n<meta property=\"og:image\" content=\"https:\/\/www.trex.be\/wp-content\/uploads\/sites\/5\/2020\/11\/tijdelijk-icoontje-optie-5-2.png\" \/>\n\t<meta property=\"og:image:width\" content=\"568\" \/>\n\t<meta property=\"og:image:height\" content=\"650\" \/>\n\t<meta property=\"og:image:type\" content=\"image\/png\" \/>\n<meta name=\"twitter:card\" content=\"summary_large_image\" \/>\n<meta name=\"twitter:label1\" content=\"Dur\u00e9e de lecture estim\u00e9e\" \/>\n\t<meta name=\"twitter:data1\" content=\"2 minutes\" \/>\n<script type=\"application\/ld+json\" class=\"yoast-schema-graph\">{\"@context\":\"https:\/\/schema.org\",\"@graph\":[{\"@type\":\"WebPage\",\"@id\":\"https:\/\/www.trex.be\/fr\/a-propos-de-nous\/venez-travailler-chez-troostwijk-roux\/\",\"url\":\"https:\/\/www.trex.be\/fr\/a-propos-de-nous\/venez-travailler-chez-troostwijk-roux\/\",\"name\":\"Venez travailler chez Troostwijk-Roux\",\"isPartOf\":{\"@id\":\"https:\/\/www.trex.be\/#website\"},\"primaryImageOfPage\":{\"@id\":\"https:\/\/www.trex.be\/fr\/a-propos-de-nous\/venez-travailler-chez-troostwijk-roux\/#primaryimage\"},\"image\":{\"@id\":\"https:\/\/www.trex.be\/fr\/a-propos-de-nous\/venez-travailler-chez-troostwijk-roux\/#primaryimage\"},\"thumbnailUrl\":\"https:\/\/www.trex.be\/wp-content\/uploads\/sites\/5\/2020\/11\/tijdelijk-icoontje-optie-5-2.png\",\"datePublished\":\"2022-05-17T10:13:24+00:00\",\"dateModified\":\"2025-02-07T07:31:54+00:00\",\"description\":\"Chez Troostwijk-Roux Expertises, nous voulons que les personnes progressent et s\u2019\u00e9panouissent afin de repousser leurs propres limites, mais aussi celles de Troostwijk-Roux Expertises\",\"breadcrumb\":{\"@id\":\"https:\/\/www.trex.be\/fr\/a-propos-de-nous\/venez-travailler-chez-troostwijk-roux\/#breadcrumb\"},\"inLanguage\":\"fr-FR\",\"potentialAction\":[{\"@type\":\"ReadAction\",\"target\":[\"https:\/\/www.trex.be\/fr\/a-propos-de-nous\/venez-travailler-chez-troostwijk-roux\/\"]}]},{\"@type\":\"ImageObject\",\"inLanguage\":\"fr-FR\",\"@id\":\"https:\/\/www.trex.be\/fr\/a-propos-de-nous\/venez-travailler-chez-troostwijk-roux\/#primaryimage\",\"url\":\"https:\/\/www.trex.be\/wp-content\/uploads\/sites\/5\/2020\/11\/tijdelijk-icoontje-optie-5-2.png\",\"contentUrl\":\"https:\/\/www.trex.be\/wp-content\/uploads\/sites\/5\/2020\/11\/tijdelijk-icoontje-optie-5-2.png\",\"width\":568,\"height\":650},{\"@type\":\"BreadcrumbList\",\"@id\":\"https:\/\/www.trex.be\/fr\/a-propos-de-nous\/venez-travailler-chez-troostwijk-roux\/#breadcrumb\",\"itemListElement\":[{\"@type\":\"ListItem\",\"position\":1,\"name\":\"Home\",\"item\":\"https:\/\/www.trex.be\/fr\/\"},{\"@type\":\"ListItem\",\"position\":2,\"name\":\"\u00c0 propos de nous\",\"item\":\"https:\/\/www.trex.be\/fr\/a-propos-de-nous\/\"},{\"@type\":\"ListItem\",\"position\":3,\"name\":\"Venez travailler chez Troostwijk-Roux\"}]},{\"@type\":\"WebSite\",\"@id\":\"https:\/\/www.trex.be\/#website\",\"url\":\"https:\/\/www.trex.be\/\",\"name\":\"Troostwijk Roux\",\"description\":\"\",\"publisher\":{\"@id\":\"https:\/\/www.trex.be\/#organization\"},\"potentialAction\":[{\"@type\":\"SearchAction\",\"target\":{\"@type\":\"EntryPoint\",\"urlTemplate\":\"https:\/\/www.trex.be\/?s={search_term_string}\"},\"query-input\":{\"@type\":\"PropertyValueSpecification\",\"valueRequired\":true,\"valueName\":\"search_term_string\"}}],\"inLanguage\":\"fr-FR\"},{\"@type\":\"Organization\",\"@id\":\"https:\/\/www.trex.be\/#organization\",\"name\":\"Troostwijk\",\"url\":\"https:\/\/www.trex.be\/\",\"logo\":{\"@type\":\"ImageObject\",\"inLanguage\":\"fr-FR\",\"@id\":\"https:\/\/www.trex.be\/#\/schema\/logo\/image\/\",\"url\":\"https:\/\/trex.be\/wp-content\/uploads\/sites\/5\/2020\/12\/troostwijk-logo.png\",\"contentUrl\":\"https:\/\/trex.be\/wp-content\/uploads\/sites\/5\/2020\/12\/troostwijk-logo.png\",\"width\":188,\"height\":55,\"caption\":\"Troostwijk\"},\"image\":{\"@id\":\"https:\/\/www.trex.be\/#\/schema\/logo\/image\/\"}}]}<\/script>\n<!-- \/ Yoast SEO plugin. -->","yoast_head_json":{"title":"Venez travailler chez Troostwijk-Roux","description":"Chez Troostwijk-Roux Expertises, nous voulons que les personnes progressent et s\u2019\u00e9panouissent afin de repousser leurs propres limites, mais aussi celles de Troostwijk-Roux Expertises","robots":{"index":"index","follow":"follow","max-snippet":"max-snippet:-1","max-image-preview":"max-image-preview:large","max-video-preview":"max-video-preview:-1"},"canonical":"https:\/\/www.trex.be\/fr\/a-propos-de-nous\/venez-travailler-chez-troostwijk-roux\/","og_locale":"fr_FR","og_type":"article","og_title":"Venez travailler chez Troostwijk-Roux","og_description":"Chez Troostwijk-Roux Expertises, nous voulons que les personnes progressent et s\u2019\u00e9panouissent afin de repousser leurs propres limites, mais aussi celles de Troostwijk-Roux Expertises","og_url":"https:\/\/www.trex.be\/fr\/a-propos-de-nous\/venez-travailler-chez-troostwijk-roux\/","og_site_name":"Troostwijk Roux","article_modified_time":"2025-02-07T07:31:54+00:00","og_image":[{"width":568,"height":650,"url":"https:\/\/www.trex.be\/wp-content\/uploads\/sites\/5\/2020\/11\/tijdelijk-icoontje-optie-5-2.png","type":"image\/png"}],"twitter_card":"summary_large_image","twitter_misc":{"Dur\u00e9e de lecture estim\u00e9e":"2 minutes"},"schema":{"@context":"https:\/\/schema.org","@graph":[{"@type":"WebPage","@id":"https:\/\/www.trex.be\/fr\/a-propos-de-nous\/venez-travailler-chez-troostwijk-roux\/","url":"https:\/\/www.trex.be\/fr\/a-propos-de-nous\/venez-travailler-chez-troostwijk-roux\/","name":"Venez travailler chez Troostwijk-Roux","isPartOf":{"@id":"https:\/\/www.trex.be\/#website"},"primaryImageOfPage":{"@id":"https:\/\/www.trex.be\/fr\/a-propos-de-nous\/venez-travailler-chez-troostwijk-roux\/#primaryimage"},"image":{"@id":"https:\/\/www.trex.be\/fr\/a-propos-de-nous\/venez-travailler-chez-troostwijk-roux\/#primaryimage"},"thumbnailUrl":"https:\/\/www.trex.be\/wp-content\/uploads\/sites\/5\/2020\/11\/tijdelijk-icoontje-optie-5-2.png","datePublished":"2022-05-17T10:13:24+00:00","dateModified":"2025-02-07T07:31:54+00:00","description":"Chez Troostwijk-Roux Expertises, nous voulons que les personnes progressent et s\u2019\u00e9panouissent afin de repousser leurs propres limites, mais aussi celles de Troostwijk-Roux Expertises","breadcrumb":{"@id":"https:\/\/www.trex.be\/fr\/a-propos-de-nous\/venez-travailler-chez-troostwijk-roux\/#breadcrumb"},"inLanguage":"fr-FR","potentialAction":[{"@type":"ReadAction","target":["https:\/\/www.trex.be\/fr\/a-propos-de-nous\/venez-travailler-chez-troostwijk-roux\/"]}]},{"@type":"ImageObject","inLanguage":"fr-FR","@id":"https:\/\/www.trex.be\/fr\/a-propos-de-nous\/venez-travailler-chez-troostwijk-roux\/#primaryimage","url":"https:\/\/www.trex.be\/wp-content\/uploads\/sites\/5\/2020\/11\/tijdelijk-icoontje-optie-5-2.png","contentUrl":"https:\/\/www.trex.be\/wp-content\/uploads\/sites\/5\/2020\/11\/tijdelijk-icoontje-optie-5-2.png","width":568,"height":650},{"@type":"BreadcrumbList","@id":"https:\/\/www.trex.be\/fr\/a-propos-de-nous\/venez-travailler-chez-troostwijk-roux\/#breadcrumb","itemListElement":[{"@type":"ListItem","position":1,"name":"Home","item":"https:\/\/www.trex.be\/fr\/"},{"@type":"ListItem","position":2,"name":"\u00c0 propos de nous","item":"https:\/\/www.trex.be\/fr\/a-propos-de-nous\/"},{"@type":"ListItem","position":3,"name":"Venez travailler chez Troostwijk-Roux"}]},{"@type":"WebSite","@id":"https:\/\/www.trex.be\/#website","url":"https:\/\/www.trex.be\/","name":"Troostwijk Roux","description":"","publisher":{"@id":"https:\/\/www.trex.be\/#organization"},"potentialAction":[{"@type":"SearchAction","target":{"@type":"EntryPoint","urlTemplate":"https:\/\/www.trex.be\/?s={search_term_string}"},"query-input":{"@type":"PropertyValueSpecification","valueRequired":true,"valueName":"search_term_string"}}],"inLanguage":"fr-FR"},{"@type":"Organization","@id":"https:\/\/www.trex.be\/#organization","name":"Troostwijk","url":"https:\/\/www.trex.be\/","logo":{"@type":"ImageObject","inLanguage":"fr-FR","@id":"https:\/\/www.trex.be\/#\/schema\/logo\/image\/","url":"https:\/\/trex.be\/wp-content\/uploads\/sites\/5\/2020\/12\/troostwijk-logo.png","contentUrl":"https:\/\/trex.be\/wp-content\/uploads\/sites\/5\/2020\/12\/troostwijk-logo.png","width":188,"height":55,"caption":"Troostwijk"},"image":{"@id":"https:\/\/www.trex.be\/#\/schema\/logo\/image\/"}}]}},"_links":{"self":[{"href":"https:\/\/www.trex.be\/fr\/wp-json\/wp\/v2\/pages\/7117","targetHints":{"allow":["GET"]}}],"collection":[{"href":"https:\/\/www.trex.be\/fr\/wp-json\/wp\/v2\/pages"}],"about":[{"href":"https:\/\/www.trex.be\/fr\/wp-json\/wp\/v2\/types\/page"}],"author":[{"embeddable":true,"href":"https:\/\/www.trex.be\/fr\/wp-json\/wp\/v2\/users\/3"}],"replies":[{"embeddable":true,"href":"https:\/\/www.trex.be\/fr\/wp-json\/wp\/v2\/comments?post=7117"}],"version-history":[{"count":10,"href":"https:\/\/www.trex.be\/fr\/wp-json\/wp\/v2\/pages\/7117\/revisions"}],"predecessor-version":[{"id":8228,"href":"https:\/\/www.trex.be\/fr\/wp-json\/wp\/v2\/pages\/7117\/revisions\/8228"}],"up":[{"embeddable":true,"href":"https:\/\/www.trex.be\/fr\/wp-json\/wp\/v2\/pages\/4797"}],"wp:featuredmedia":[{"embeddable":true,"href":"https:\/\/www.trex.be\/fr\/wp-json\/wp\/v2\/media\/4620"}],"wp:attachment":[{"href":"https:\/\/www.trex.be\/fr\/wp-json\/wp\/v2\/media?parent=7117"}],"curies":[{"name":"wp","href":"https:\/\/api.w.org\/{rel}","templated":true}]}}